{"id":939,"date":"2024-09-25T07:38:21","date_gmt":"2024-09-25T07:38:21","guid":{"rendered":"https:\/\/changflor.com\/?post_type=product&#038;p=939"},"modified":"2024-12-05T07:27:45","modified_gmt":"2024-12-05T07:27:45","slug":"spc-wall-panel-stone-patterns","status":"publish","type":"product","link":"https:\/\/changflor.com\/pt\/product\/spc-wall-panel-stone-patterns\/","title":{"rendered":"Pain\u00e9is de parede \u00e0 prova de \u00e1gua SPC - Padr\u00f5es de pedra"},"content":{"rendered":"<h2 class=\"wp-block-heading\">Descri\u00e7\u00e3o dos pain\u00e9is de parede SPC<\/h2>\n\n\n\n<p><a href=\"https:\/\/changflor.com\/pt\/product-category\/spc-wall-panel\/\">Pain\u00e9is Murais SPC<\/a> (com o nome completo de painel de parede composto de pl\u00e1stico de pedra), fabricado a partir de uma mistura de p\u00f3 de m\u00e1rmore natural e materiais de cristal de alto peso molecular, oferece uma versatilidade sem paralelo e facilidade de instala\u00e7\u00e3o. Estes pain\u00e9is de 3 mm de espessura s\u00e3o submetidos a um rigoroso processo de fabrico, resultando num produto dur\u00e1vel e de baixa manuten\u00e7\u00e3o.<\/p>\n\n\n\n<figure class=\"wp-block-image size-full\"><img decoding=\"async\" width=\"800\" height=\"495\" src=\"https:\/\/changflor.com\/wp-content\/uploads\/2024\/09\/SPC-wall-panel_06.jpg\" alt=\"Durable wall panels\" class=\"wp-image-946\" srcset=\"https:\/\/changflor.com\/wp-content\/uploads\/2024\/09\/SPC-wall-panel_06.jpg 800w, https:\/\/changflor.com\/wp-content\/uploads\/2024\/09\/SPC-wall-panel_06-300x186.jpg 300w, https:\/\/changflor.com\/wp-content\/uploads\/2024\/09\/SPC-wall-panel_06-768x475.jpg 768w\" sizes=\"(max-width: 800px) 100vw, 800px\" \/><\/figure>\n\n\n\n<p>A estrutura de v\u00e1rias camadas, incluindo um revestimento UV, uma pel\u00edcula de PVC e uma camada de base de malha de alta densidade e alta fibra, garante um desempenho duradouro. A superf\u00edcie, adornada com impress\u00e3o digital de ultra-alta defini\u00e7\u00e3o ou pel\u00edculas decorativas, oferece uma vasta gama de acabamentos deslumbrantes, desde o espelho de alto brilho at\u00e9 ao toque de pele com brilho suave e texturas realistas como o gr\u00e3o de madeira, o gr\u00e3o de pedra e o couro.  <a href=\"https:\/\/changflor.com\/pt\/download\/\">Clique aqui<\/a> para descarregar o nosso cat\u00e1logo e saber mais sobre os pain\u00e9is de parede SPC.<\/p>\n\n\n\n<figure class=\"wp-block-image size-large\"><img decoding=\"async\" width=\"1024\" height=\"534\" src=\"https:\/\/changflor.com\/wp-content\/uploads\/2024\/09\/\u82b1\u8272-1024x534.webp\" alt=\"\" class=\"wp-image-1500\" srcset=\"https:\/\/changflor.com\/wp-content\/uploads\/2024\/09\/\u82b1\u8272-1024x534.webp 1024w, https:\/\/changflor.com\/wp-content\/uploads\/2024\/09\/\u82b1\u8272-300x157.webp 300w, https:\/\/changflor.com\/wp-content\/uploads\/2024\/09\/\u82b1\u8272-768x401.webp 768w, https:\/\/changflor.com\/wp-content\/uploads\/2024\/09\/\u82b1\u8272-1536x802.webp 1536w, https:\/\/changflor.com\/wp-content\/uploads\/2024\/09\/\u82b1\u8272.webp 1640w\" sizes=\"(max-width: 1024px) 100vw, 1024px\" \/><\/figure>\n\n\n\n<h2 class=\"wp-block-heading\">Carater\u00edsticas dos Pain\u00e9is Murais SPC<\/h2>\n\n\n\n<div class=\"wp-block-media-text alignwide has-media-on-the-right is-stacked-on-mobile is-vertically-aligned-center has-background\" style=\"background-color:#f1f5c7;grid-template-columns:auto 15%\"><div class=\"wp-block-media-text__content\">\n<p style=\"font-size:36px;line-height:1.2\"><strong>Dur\u00e1vel e protetora<\/strong><\/p>\n\n\n\n<p class=\"has-extra-small-font-size\">Composto por materiais resistentes \u00e0 humidade, ao bolor e \u00e0 corros\u00e3o, totalmente imperme\u00e1vel, \u00e0 prova de humidade e bolor, \u00e0 prova de fogo de grau A, proporcionando uma prote\u00e7\u00e3o abrangente e uma longa vida \u00fatil.<\/p>\n<\/div><figure class=\"wp-block-media-text__media\"><img decoding=\"async\" src=\"https:\/\/changflor.com\/wp-content\/uploads\/2024\/06\/durable-1.svg\" alt=\"\" class=\"wp-image-1366 size-full\"\/><\/figure><\/div>\n\n\n\n<div class=\"wp-block-media-text alignwide is-stacked-on-mobile is-vertically-aligned-center has-background\" style=\"background-color:#fffdea;grid-template-columns:15% auto\"><figure class=\"wp-block-media-text__media\"><img decoding=\"async\" src=\"https:\/\/changflor.com\/wp-content\/uploads\/2024\/06\/install-2.svg\" alt=\"\" class=\"wp-image-1365 size-full\"\/><\/figure><div class=\"wp-block-media-text__content\">\n<div class=\"wp-block-group\" style=\"padding-top:2em;padding-right:2em;padding-bottom:2em;padding-left:2em\"><div class=\"wp-block-group__inner-container is-layout-flow wp-block-group-is-layout-flow\">\n<p style=\"font-size:36px;line-height:1.2\"><strong>Eficiente em termos de espa\u00e7o e est\u00e9tico<\/strong><\/p>\n\n\n\n<p class=\"has-extra-small-font-size\">Design ultra-leve e fino (3 mm de espessura) para uma utiliza\u00e7\u00e3o optimizada do espa\u00e7o, com v\u00e1rias texturas e acabamentos realistas para um maior apelo visual.<\/p>\n<\/div><\/div>\n<\/div><\/div>\n\n\n\n<div class=\"wp-block-media-text alignwide has-media-on-the-right is-stacked-on-mobile is-vertically-aligned-center has-background\" style=\"background-color:#f1f5c7;grid-template-columns:auto 15%\"><div class=\"wp-block-media-text__content\">\n<p style=\"font-size:36px;line-height:1.2\"><strong>Saud\u00e1vel e sustent\u00e1vel<\/strong><\/p>\n\n\n\n<p class=\"has-extra-small-font-size\">Amigo do ambiente, isento de elementos radioactivos e formalde\u00eddo, prensado a quente para uma instala\u00e7\u00e3o r\u00e1pida e com elevada resist\u00eancia ao desgaste para uma beleza duradoura e um ambiente interior saud\u00e1vel<\/p>\n<\/div><figure class=\"wp-block-media-text__media\"><img decoding=\"async\" width=\"491\" height=\"640\" src=\"https:\/\/changflor.com\/wp-content\/uploads\/2024\/09\/house-157112_640.webp\" alt=\"\" class=\"wp-image-1478 size-full\" srcset=\"https:\/\/changflor.com\/wp-content\/uploads\/2024\/09\/house-157112_640.webp 491w, https:\/\/changflor.com\/wp-content\/uploads\/2024\/09\/house-157112_640-230x300.webp 230w\" sizes=\"(max-width: 491px) 100vw, 491px\" \/><\/figure><\/div>\n\n\n\n<h2 class=\"wp-block-heading\"><strong>Instala\u00e7\u00e3o e entrega r\u00e1pida do painel de parede SPC<\/strong><\/h2>\n\n\n\n<p><strong>1. F\u00e1cil renova\u00e7\u00e3o, sem perturba\u00e7\u00f5es<\/strong><\/p>\n\n\n\n<p>SPC wall panels can be directly installed on existing walls, skipping demolition. It causes no excessive waste or noise. Even in a hotel&#8217;s operation, installation won&#8217;t disrupt business, reducing complaints and offering a quiet, efficient upgrade.<\/p>\n\n\n\n<p><strong>2. Entrega r\u00e1pida, personaliz\u00e1vel<\/strong><\/p>\n\n\n\n<p>The SPC wall panel delivers fast and supports deep customization. Style, shape, and colour can be personalized. In bathroom renovations, it&#8217;s waterproof, moisture-proof, and slip-resistant. Whole-panel installation is easy, with large-sized panels needing few to finish. The short construction period saves resources. It&#8217;s cuttable with a utility knife and usable 24 hours after pasting with eco-friendly glue.<\/p>\n\n\n\n<figure class=\"wp-block-image size-large\"><img decoding=\"async\" width=\"1024\" height=\"500\" src=\"https:\/\/changflor.com\/wp-content\/uploads\/2024\/09\/640-14-1024x500.webp\" alt=\"\" class=\"wp-image-1501\" srcset=\"https:\/\/changflor.com\/wp-content\/uploads\/2024\/09\/640-14-1024x500.webp 1024w, https:\/\/changflor.com\/wp-content\/uploads\/2024\/09\/640-14-300x147.webp 300w, https:\/\/changflor.com\/wp-content\/uploads\/2024\/09\/640-14-768x375.webp 768w, https:\/\/changflor.com\/wp-content\/uploads\/2024\/09\/640-14-1536x751.webp 1536w, https:\/\/changflor.com\/wp-content\/uploads\/2024\/09\/640-14.webp 1598w\" sizes=\"(max-width: 1024px) 100vw, 1024px\" \/><\/figure>\n\n\n\n<p><strong>3. Del\u00edcia visual sem falhas<\/strong><\/p>\n\n\n\n<p>Os padr\u00f5es de pedra do painel de parede SPC podem atingir 3 metros por painel inteiro. A instala\u00e7\u00e3o em toda a parede tem juntas m\u00ednimas. O efeito sem juntas \u00e9 suave e natural, proporcionando uma \u00f3ptima experi\u00eancia visual. Apresenta um aspeto elegante e requintado, real\u00e7ando o encanto do espa\u00e7o.<\/p>\n\n\n\n<figure class=\"wp-block-image size-large\"><img decoding=\"async\" width=\"1024\" height=\"534\" src=\"https:\/\/changflor.com\/wp-content\/uploads\/2024\/09\/New-Project-4-1024x534.webp\" alt=\"\" class=\"wp-image-1502\" srcset=\"https:\/\/changflor.com\/wp-content\/uploads\/2024\/09\/New-Project-4-1024x534.webp 1024w, https:\/\/changflor.com\/wp-content\/uploads\/2024\/09\/New-Project-4-300x157.webp 300w, https:\/\/changflor.com\/wp-content\/uploads\/2024\/09\/New-Project-4-768x401.webp 768w, https:\/\/changflor.com\/wp-content\/uploads\/2024\/09\/New-Project-4-1536x802.webp 1536w, https:\/\/changflor.com\/wp-content\/uploads\/2024\/09\/New-Project-4.webp 1640w\" sizes=\"(max-width: 1024px) 100vw, 1024px\" \/><\/figure>\n\n\n\n<h2 class=\"wp-block-heading\"><strong>Pain\u00e9is de parede AestgEdge SPC: Desempenho de decora\u00e7\u00e3o excecional<\/strong><\/h2>\n\n\n\n<p>Os pain\u00e9is de parede SPC em <a href=\"https:\/\/changflor.com\/pt\/about\/\">AestgEdge<\/a> A Prefeitura tem uma variedade de estilos de apar\u00eancia, e os estilos e cores adequados podem ser selecionados de acordo com as diferentes necessidades de decora\u00e7\u00e3o. Os pain\u00e9is de parede de alta qualidade devem ter boa estabilidade de cor e textura e podem apresentar um efeito decorativo natural e bonito.<\/p>\n\n\n\n<div class=\"wp-block-group is-nowrap is-layout-flex wp-container-core-group-is-layout-ad2f72ca wp-block-group-is-layout-flex\">\n<h2 class=\"wp-block-heading\"><strong>Pain\u00e9is de parede imperme\u00e1veis SPC Premium para a casa de banho<\/strong><\/h2>\n<\/div>\n\n\n\n<p>Premium SPC waterproof wall panels are great for bathrooms. They&#8217;re highly waterproof, keeping walls dry and intact. The smooth surface is easy to clean with a damp or mild cleaner. Available in various stylish designs like marble and tile, they let you create a personalized look. <\/p>\n\n\n\n<figure class=\"wp-block-image size-large\"><img decoding=\"async\" width=\"1024\" height=\"437\" src=\"https:\/\/changflor.com\/wp-content\/uploads\/2024\/09\/New-Project-1-1024x437.webp\" alt=\"\" class=\"wp-image-1497\" srcset=\"https:\/\/changflor.com\/wp-content\/uploads\/2024\/09\/New-Project-1-1024x437.webp 1024w, https:\/\/changflor.com\/wp-content\/uploads\/2024\/09\/New-Project-1-300x128.webp 300w, https:\/\/changflor.com\/wp-content\/uploads\/2024\/09\/New-Project-1-768x328.webp 768w, https:\/\/changflor.com\/wp-content\/uploads\/2024\/09\/New-Project-1-1536x656.webp 1536w, https:\/\/changflor.com\/wp-content\/uploads\/2024\/09\/New-Project-1.webp 1640w\" sizes=\"(max-width: 1024px) 100vw, 1024px\" \/><\/figure>\n\n\n\n<p>Tamb\u00e9m est\u00e3o dispon\u00edveis em muitos designs e acabamentos com estilo, incluindo o elegante aspeto de m\u00e1rmore, padr\u00f5es de azulejos modernos e muito mais. Isto permite-lhe criar um espa\u00e7o de banho luxuoso e personalizado que corresponde ao seu gosto \u00fanico e \u00e0 sua vis\u00e3o de design de interiores.<\/p>\n\n\n\n<figure class=\"wp-block-image size-large\"><img decoding=\"async\" width=\"1024\" height=\"341\" src=\"https:\/\/changflor.com\/wp-content\/uploads\/2024\/09\/New-Project-2-1024x341.webp\" alt=\"\" class=\"wp-image-1498\" srcset=\"https:\/\/changflor.com\/wp-content\/uploads\/2024\/09\/New-Project-2-1024x341.webp 1024w, https:\/\/changflor.com\/wp-content\/uploads\/2024\/09\/New-Project-2-300x100.webp 300w, https:\/\/changflor.com\/wp-content\/uploads\/2024\/09\/New-Project-2-768x256.webp 768w, https:\/\/changflor.com\/wp-content\/uploads\/2024\/09\/New-Project-2.webp 1500w\" sizes=\"(max-width: 1024px) 100vw, 1024px\" \/><\/figure>\n\n\n\n<h2 class=\"wp-block-heading\"><strong>Pain\u00e9is de parede SPC para cozinha<\/strong><\/h2>\n\n\n\n<p>SPC wall panels are perfect for kitchens. They&#8217;re waterproof and easy to clean, resisting steam, splashes, and spills without warping or moulding. Various designs, such as stone and wood, suit any style. Durable against daily impacts, they enhance kitchen walls both practically and aesthetically.<\/p>\n\n\n\n<figure class=\"wp-block-image size-large\"><img decoding=\"async\" width=\"1024\" height=\"341\" src=\"https:\/\/changflor.com\/wp-content\/uploads\/2024\/09\/New-Project-6-1024x341.webp\" alt=\"\" class=\"wp-image-1511\" srcset=\"https:\/\/changflor.com\/wp-content\/uploads\/2024\/09\/New-Project-6-1024x341.webp 1024w, https:\/\/changflor.com\/wp-content\/uploads\/2024\/09\/New-Project-6-300x100.webp 300w, https:\/\/changflor.com\/wp-content\/uploads\/2024\/09\/New-Project-6-768x256.webp 768w, https:\/\/changflor.com\/wp-content\/uploads\/2024\/09\/New-Project-6.webp 1500w\" sizes=\"(max-width: 1024px) 100vw, 1024px\" \/><\/figure>\n\n\n\n<p>Para tamanhos, cores, relevo de superf\u00edcie e acabamentos personalizados, por favor&nbsp;<a href=\"\/pt\/contact\/\">contacte-nos aqui<\/a>.<\/p>\n\n\n\n<p><\/p>","protected":false},"excerpt":{"rendered":"<p>\u00c0 prova de \u00e1gua, \u00e0 prova de fogo e com estilo<\/p>","protected":false},"featured_media":941,"template":"","products_category":[160],"surface_pvc_marble_sheet_":[],"style__acoustic_panel_":[],"film__bamboo_charcoal_wood_venee":[],"color_wpc_wall_panel":[],"color_spc_wall_panel_":[162],"shape":[],"class_list":["post-939","product","type-product","status-publish","has-post-thumbnail","hentry","products_category-laminate-flooring","color_spc_wall_panel_-stone-patterns"],"yoast_head":"<!-- This site is optimized with the Yoast SEO plugin v25.5 - https:\/\/yoast.com\/wordpress\/plugins\/seo\/ -->\n<title>Superior SPC Wall Panels for International Deals<\/title>\n<meta name=\"description\" content=\"Premium SPC waterproof wall panels for bathrooms. Durable and stylish, they are ideal for foreign businesses and various projects overseas.\" \/>\n<meta name=\"robots\" content=\"noindex, follow, max-snippet:-1, max-image-preview:large, max-video-preview:-1\" \/>\n<meta property=\"og:locale\" content=\"pt_PT\" \/>\n<meta property=\"og:type\" content=\"article\" \/>\n<meta property=\"og:title\" content=\"Superior SPC Wall Panels for International Deals\" \/>\n<meta property=\"og:description\" content=\"Premium SPC waterproof wall panels for bathrooms. Durable and stylish, they are ideal for foreign businesses and various projects overseas.\" \/>\n<meta property=\"og:url\" content=\"https:\/\/changflor.com\/pt\/product\/spc-wall-panel-stone-patterns\/\" \/>\n<meta property=\"og:site_name\" content=\"ChangFlor\" \/>\n<meta property=\"article:modified_time\" content=\"2024-12-05T07:27:45+00:00\" \/>\n<meta property=\"og:image\" content=\"https:\/\/changflor.com\/wp-content\/uploads\/2024\/09\/spc-wall-panel-1.jpg\" \/>\n\t<meta property=\"og:image:width\" content=\"800\" \/>\n\t<meta property=\"og:image:height\" content=\"800\" \/>\n\t<meta property=\"og:image:type\" content=\"image\/jpeg\" \/>\n<meta name=\"twitter:card\" content=\"summary_large_image\" \/>\n<meta name=\"twitter:label1\" content=\"Tempo estimado de leitura\" \/>\n\t<meta name=\"twitter:data1\" content=\"5 minutos\" \/>\n<script type=\"application\/ld+json\" class=\"yoast-schema-graph\">{\"@context\":\"https:\/\/schema.org\",\"@graph\":[{\"@type\":\"WebPage\",\"@id\":\"https:\/\/changflor.com\/product\/spc-wall-panel-stone-patterns\/\",\"url\":\"https:\/\/changflor.com\/product\/spc-wall-panel-stone-patterns\/\",\"name\":\"Superior SPC Wall Panels for International Deals\",\"isPartOf\":{\"@id\":\"https:\/\/changflor.com\/#website\"},\"primaryImageOfPage\":{\"@id\":\"https:\/\/changflor.com\/product\/spc-wall-panel-stone-patterns\/#primaryimage\"},\"image\":{\"@id\":\"https:\/\/changflor.com\/product\/spc-wall-panel-stone-patterns\/#primaryimage\"},\"thumbnailUrl\":\"https:\/\/changflor.com\/wp-content\/uploads\/2024\/09\/spc-wall-panel-1.jpg\",\"datePublished\":\"2024-09-25T07:38:21+00:00\",\"dateModified\":\"2024-12-05T07:27:45+00:00\",\"description\":\"Premium SPC waterproof wall panels for bathrooms. Durable and stylish, they are ideal for foreign businesses and various projects overseas.\",\"breadcrumb\":{\"@id\":\"https:\/\/changflor.com\/product\/spc-wall-panel-stone-patterns\/#breadcrumb\"},\"inLanguage\":\"pt-PT\",\"potentialAction\":[{\"@type\":\"ReadAction\",\"target\":[\"https:\/\/changflor.com\/product\/spc-wall-panel-stone-patterns\/\"]}]},{\"@type\":\"ImageObject\",\"inLanguage\":\"pt-PT\",\"@id\":\"https:\/\/changflor.com\/product\/spc-wall-panel-stone-patterns\/#primaryimage\",\"url\":\"https:\/\/changflor.com\/wp-content\/uploads\/2024\/09\/spc-wall-panel-1.jpg\",\"contentUrl\":\"https:\/\/changflor.com\/wp-content\/uploads\/2024\/09\/spc-wall-panel-1.jpg\",\"width\":800,\"height\":800,\"caption\":\"spc wall panel\"},{\"@type\":\"BreadcrumbList\",\"@id\":\"https:\/\/changflor.com\/product\/spc-wall-panel-stone-patterns\/#breadcrumb\",\"itemListElement\":[{\"@type\":\"ListItem\",\"position\":1,\"name\":\"Home\",\"item\":\"https:\/\/changflor.com\/\"},{\"@type\":\"ListItem\",\"position\":2,\"name\":\"LAMINATE FLOORING\",\"item\":\"https:\/\/changflor.com\/product-category\/laminate-flooring\/\"},{\"@type\":\"ListItem\",\"position\":3,\"name\":\"SPC Waterproof Wall Panels-Stone Patterns\"}]},{\"@type\":\"WebSite\",\"@id\":\"https:\/\/changflor.com\/#website\",\"url\":\"https:\/\/changflor.com\/\",\"name\":\"ChangFlor\",\"description\":\"Refined Living from the Ground Up\",\"potentialAction\":[{\"@type\":\"SearchAction\",\"target\":{\"@type\":\"EntryPoint\",\"urlTemplate\":\"https:\/\/changflor.com\/?s={search_term_string}\"},\"query-input\":{\"@type\":\"PropertyValueSpecification\",\"valueRequired\":true,\"valueName\":\"search_term_string\"}}],\"inLanguage\":\"pt-PT\"}]}<\/script>\n<!-- \/ Yoast SEO plugin. -->","yoast_head_json":{"title":"Superior SPC Wall Panels for International Deals","description":"Premium SPC waterproof wall panels for bathrooms. Durable and stylish, they are ideal for foreign businesses and various projects overseas.","robots":{"index":"noindex","follow":"follow","max-snippet":"max-snippet:-1","max-image-preview":"max-image-preview:large","max-video-preview":"max-video-preview:-1"},"og_locale":"pt_PT","og_type":"article","og_title":"Superior SPC Wall Panels for International Deals","og_description":"Premium SPC waterproof wall panels for bathrooms. Durable and stylish, they are ideal for foreign businesses and various projects overseas.","og_url":"https:\/\/changflor.com\/pt\/product\/spc-wall-panel-stone-patterns\/","og_site_name":"ChangFlor","article_modified_time":"2024-12-05T07:27:45+00:00","og_image":[{"width":800,"height":800,"url":"https:\/\/changflor.com\/wp-content\/uploads\/2024\/09\/spc-wall-panel-1.jpg","type":"image\/jpeg"}],"twitter_card":"summary_large_image","twitter_misc":{"Tempo estimado de leitura":"5 minutos"},"schema":{"@context":"https:\/\/schema.org","@graph":[{"@type":"WebPage","@id":"https:\/\/changflor.com\/product\/spc-wall-panel-stone-patterns\/","url":"https:\/\/changflor.com\/product\/spc-wall-panel-stone-patterns\/","name":"Superior SPC Wall Panels for International Deals","isPartOf":{"@id":"https:\/\/changflor.com\/#website"},"primaryImageOfPage":{"@id":"https:\/\/changflor.com\/product\/spc-wall-panel-stone-patterns\/#primaryimage"},"image":{"@id":"https:\/\/changflor.com\/product\/spc-wall-panel-stone-patterns\/#primaryimage"},"thumbnailUrl":"https:\/\/changflor.com\/wp-content\/uploads\/2024\/09\/spc-wall-panel-1.jpg","datePublished":"2024-09-25T07:38:21+00:00","dateModified":"2024-12-05T07:27:45+00:00","description":"Premium SPC waterproof wall panels for bathrooms. Durable and stylish, they are ideal for foreign businesses and various projects overseas.","breadcrumb":{"@id":"https:\/\/changflor.com\/product\/spc-wall-panel-stone-patterns\/#breadcrumb"},"inLanguage":"pt-PT","potentialAction":[{"@type":"ReadAction","target":["https:\/\/changflor.com\/product\/spc-wall-panel-stone-patterns\/"]}]},{"@type":"ImageObject","inLanguage":"pt-PT","@id":"https:\/\/changflor.com\/product\/spc-wall-panel-stone-patterns\/#primaryimage","url":"https:\/\/changflor.com\/wp-content\/uploads\/2024\/09\/spc-wall-panel-1.jpg","contentUrl":"https:\/\/changflor.com\/wp-content\/uploads\/2024\/09\/spc-wall-panel-1.jpg","width":800,"height":800,"caption":"spc wall panel"},{"@type":"BreadcrumbList","@id":"https:\/\/changflor.com\/product\/spc-wall-panel-stone-patterns\/#breadcrumb","itemListElement":[{"@type":"ListItem","position":1,"name":"Home","item":"https:\/\/changflor.com\/"},{"@type":"ListItem","position":2,"name":"LAMINATE FLOORING","item":"https:\/\/changflor.com\/product-category\/laminate-flooring\/"},{"@type":"ListItem","position":3,"name":"SPC Waterproof Wall Panels-Stone Patterns"}]},{"@type":"WebSite","@id":"https:\/\/changflor.com\/#website","url":"https:\/\/changflor.com\/","name":"ChangFlor","description":"Refined Living from the Ground Up","potentialAction":[{"@type":"SearchAction","target":{"@type":"EntryPoint","urlTemplate":"https:\/\/changflor.com\/?s={search_term_string}"},"query-input":{"@type":"PropertyValueSpecification","valueRequired":true,"valueName":"search_term_string"}}],"inLanguage":"pt-PT"}]}},"_links":{"self":[{"href":"https:\/\/changflor.com\/pt\/wp-json\/wp\/v2\/product\/939","targetHints":{"allow":["GET"]}}],"collection":[{"href":"https:\/\/changflor.com\/pt\/wp-json\/wp\/v2\/product"}],"about":[{"href":"https:\/\/changflor.com\/pt\/wp-json\/wp\/v2\/types\/product"}],"wp:featuredmedia":[{"embeddable":true,"href":"https:\/\/changflor.com\/pt\/wp-json\/wp\/v2\/media\/941"}],"wp:attachment":[{"href":"https:\/\/changflor.com\/pt\/wp-json\/wp\/v2\/media?parent=939"}],"wp:term":[{"taxonomy":"products_category","embeddable":true,"href":"https:\/\/changflor.com\/pt\/wp-json\/wp\/v2\/products_category?post=939"},{"taxonomy":"surface_pvc_marble_sheet_","embeddable":true,"href":"https:\/\/changflor.com\/pt\/wp-json\/wp\/v2\/surface_pvc_marble_sheet_?post=939"},{"taxonomy":"style__acoustic_panel_","embeddable":true,"href":"https:\/\/changflor.com\/pt\/wp-json\/wp\/v2\/style__acoustic_panel_?post=939"},{"taxonomy":"film__bamboo_charcoal_wood_venee","embeddable":true,"href":"https:\/\/changflor.com\/pt\/wp-json\/wp\/v2\/film__bamboo_charcoal_wood_venee?post=939"},{"taxonomy":"color_wpc_wall_panel","embeddable":true,"href":"https:\/\/changflor.com\/pt\/wp-json\/wp\/v2\/color_wpc_wall_panel?post=939"},{"taxonomy":"color_spc_wall_panel_","embeddable":true,"href":"https:\/\/changflor.com\/pt\/wp-json\/wp\/v2\/color_spc_wall_panel_?post=939"},{"taxonomy":"shape","embeddable":true,"href":"https:\/\/changflor.com\/pt\/wp-json\/wp\/v2\/shape?post=939"}],"curies":[{"name":"wp","href":"https:\/\/api.w.org\/{rel}","templated":true}]}}