{"id":204,"date":"2024-07-16T07:38:42","date_gmt":"2024-07-16T07:38:42","guid":{"rendered":"https:\/\/changflor.com\/?post_type=product&#038;p=204"},"modified":"2025-11-11T07:10:14","modified_gmt":"2025-11-11T07:10:14","slug":"pvc-marble-sheet-3","status":"publish","type":"product","link":"https:\/\/changflor.com\/pt\/product\/pvc-marble-sheet-3\/","title":{"rendered":"Folha de m\u00e1rmore UV-Cullinan Gilded"},"content":{"rendered":"<h2 class=\"wp-block-heading\"><br>Descri\u00e7\u00e3o da folha de m\u00e1rmore UV<\/h2>\n\n\n\n<p>Melhore os seus espa\u00e7os interiores com a eleg\u00e2ncia sofisticada da folha de m\u00e1rmore UV. Concebidas para imitar o aspeto luxuoso do m\u00e1rmore natural, estas folhas oferecem uma alternativa econ\u00f3mica e leve que \u00e9 t\u00e3o deslumbrante como pr\u00e1tica. Dispon\u00edveis em v\u00e1rias cores, padr\u00f5es e acabamentos, satisfazem as prefer\u00eancias de design tradicionais e modernas, o que as torna a melhor escolha para qualquer ambiente dom\u00e9stico ou comercial.<\/p>\n\n\n\n<figure class=\"wp-block-image size-large\"><img decoding=\"async\" width=\"1024\" height=\"320\" src=\"https:\/\/changflor.com\/wp-content\/uploads\/2024\/07\/\u5fae\u4fe1\u622a\u56fe_20241127160753-1024x320.jpg\" alt=\"\" class=\"wp-image-1815\" srcset=\"https:\/\/changflor.com\/wp-content\/uploads\/2024\/07\/\u5fae\u4fe1\u622a\u56fe_20241127160753-1024x320.jpg 1024w, https:\/\/changflor.com\/wp-content\/uploads\/2024\/07\/\u5fae\u4fe1\u622a\u56fe_20241127160753-300x94.jpg 300w, https:\/\/changflor.com\/wp-content\/uploads\/2024\/07\/\u5fae\u4fe1\u622a\u56fe_20241127160753-768x240.jpg 768w, https:\/\/changflor.com\/wp-content\/uploads\/2024\/07\/\u5fae\u4fe1\u622a\u56fe_20241127160753.jpg 1381w\" sizes=\"(max-width: 1024px) 100vw, 1024px\" \/><\/figure>\n\n\n\n<p>Para tamanhos, cores, superf\u00edcie em relevo e acabamentos personalizados, por favor\u00a0<a href=\"https:\/\/changflor.com\/pt\/contact\/\">contacte-nos aqui.<\/a><\/p>\n\n\n\n<h2 class=\"wp-block-heading\"><strong>Porqu\u00ea escolher a chapa de m\u00e1rmore AesthEdge UV?<\/strong><\/h2>\n\n\n\n<p><a href=\"https:\/\/changflor.com\/pt\/about\/\">AesthEdge<\/a> As chapas de m\u00e1rmore UV combinam o apelo visual com uma durabilidade duradoura, acrescentando eleg\u00e2ncia e funcionalidade a qualquer espa\u00e7o. Perfeitas para pain\u00e9is de parede, bancadas e pormenores decorativos, estas folhas s\u00e3o f\u00e1ceis de instalar e manter. As suas superf\u00edcies n\u00e3o porosas e imperme\u00e1veis resistem a manchas e \u00e0 humidade, o que as torna ideais para \u00e1reas de tr\u00e1fego intenso, cozinhas e casas de banho.<\/p>\n\n\n\n<div class=\"wp-block-columns is-layout-flex wp-container-core-columns-is-layout-9d6595d7 wp-block-columns-is-layout-flex\">\n<div class=\"wp-block-column is-layout-flow wp-block-column-is-layout-flow\">\n<figure class=\"wp-block-image size-large\"><img decoding=\"async\" width=\"1024\" height=\"576\" src=\"https:\/\/changflor.com\/wp-content\/uploads\/2024\/07\/kln1-1024x576.jpg\" alt=\"\" class=\"wp-image-1730\" srcset=\"https:\/\/changflor.com\/wp-content\/uploads\/2024\/07\/kln1-1024x576.jpg 1024w, https:\/\/changflor.com\/wp-content\/uploads\/2024\/07\/kln1-300x169.jpg 300w, https:\/\/changflor.com\/wp-content\/uploads\/2024\/07\/kln1-768x432.jpg 768w, https:\/\/changflor.com\/wp-content\/uploads\/2024\/07\/kln1-1536x864.jpg 1536w, https:\/\/changflor.com\/wp-content\/uploads\/2024\/07\/kln1-2048x1152.jpg 2048w, https:\/\/changflor.com\/wp-content\/uploads\/2024\/07\/kln1-1920x1080.jpg 1920w\" sizes=\"(max-width: 1024px) 100vw, 1024px\" \/><\/figure>\n<\/div>\n\n\n\n<div class=\"wp-block-column is-layout-flow wp-block-column-is-layout-flow\">\n<figure class=\"wp-block-image size-large\"><img decoding=\"async\" width=\"1024\" height=\"576\" src=\"https:\/\/changflor.com\/wp-content\/uploads\/2024\/07\/kln-1024x576.jpg\" alt=\"AesethEdge UV Marble Sheet Cullinan Suit\" class=\"wp-image-1732\" srcset=\"https:\/\/changflor.com\/wp-content\/uploads\/2024\/07\/kln-1024x576.jpg 1024w, https:\/\/changflor.com\/wp-content\/uploads\/2024\/07\/kln-300x169.jpg 300w, https:\/\/changflor.com\/wp-content\/uploads\/2024\/07\/kln-768x432.jpg 768w, https:\/\/changflor.com\/wp-content\/uploads\/2024\/07\/kln-1536x864.jpg 1536w, https:\/\/changflor.com\/wp-content\/uploads\/2024\/07\/kln-2048x1152.jpg 2048w, https:\/\/changflor.com\/wp-content\/uploads\/2024\/07\/kln-1920x1080.jpg 1920w\" sizes=\"(max-width: 1024px) 100vw, 1024px\" \/><\/figure>\n<\/div>\n<\/div>\n\n\n\n<p>Dispon\u00edvel em v\u00e1rias cores e padr\u00f5es, a chapa de m\u00e1rmore AesthEdge UV oferece possibilidades de design vers\u00e1teis, desde estilos tradicionais a contempor\u00e2neos. Sendo uma alternativa ecol\u00f3gica ao m\u00e1rmore natural, reduz o impacto ambiental ao mesmo tempo que melhora qualquer interior com uma beleza e um car\u00e1cter pr\u00e1tico intemporais.<\/p>\n\n\n\n<h2 class=\"wp-block-heading has-text-align-left\"><strong>Folha de m\u00e1rmore UV vs. painel de parede tradicional<\/strong><\/h2>\n\n\n\n<figure class=\"wp-block-table\"><table class=\"has-fixed-layout\"><tbody><tr><td class=\"has-text-align-center\" data-align=\"center\"><strong>Itens de compara\u00e7\u00e3o<\/strong><\/td><td class=\"has-text-align-center\" data-align=\"center\"><strong>Folha de m\u00e1rmore UV<\/strong><\/td><td class=\"has-text-align-center\" data-align=\"center\"><strong>Painel mural tradicional<\/strong><\/td><\/tr><tr><td class=\"has-text-align-center\" data-align=\"center\">Apar\u00eancia<\/td><td class=\"has-text-align-center\" data-align=\"center\">Aspeto rico do m\u00e1rmore<\/td><td class=\"has-text-align-center\" data-align=\"center\">Estilo simples ou espec\u00edfico<\/td><\/tr><tr><td class=\"has-text-align-center\" data-align=\"center\">pre\u00e7o<\/td><td class=\"has-text-align-center\" data-align=\"center\">Econ\u00f3mica<\/td><td class=\"has-text-align-center\" data-align=\"center\">Vari\u00e1vel, alguns dispendiosos<\/td><\/tr><tr><td class=\"has-text-align-center\" data-align=\"center\">Instala\u00e7\u00e3o<\/td><td class=\"has-text-align-center\" data-align=\"center\">F\u00e1cil e r\u00e1pido<\/td><td class=\"has-text-align-center\" data-align=\"center\">Pode ser complexo<\/td><\/tr><tr><td class=\"has-text-align-center\" data-align=\"center\">Manuten\u00e7\u00e3o<\/td><td class=\"has-text-align-center\" data-align=\"center\">Pouco esfor\u00e7o<\/td><td class=\"has-text-align-center\" data-align=\"center\">Mais exigente<\/td><\/tr><tr><td class=\"has-text-align-center\" data-align=\"center\">Durabilidade<\/td><td class=\"has-text-align-center\" data-align=\"center\">Longa dura\u00e7\u00e3o<\/td><td class=\"has-text-align-center\" data-align=\"center\">Propenso a danos<\/td><\/tr><tr><td class=\"has-text-align-center\" data-align=\"center\">\u00c0 prova de \u00e1gua<\/td><td class=\"has-text-align-center\" data-align=\"center\">Excelente<\/td><td class=\"has-text-align-center\" data-align=\"center\">Limitada<\/td><\/tr><tr><td class=\"has-text-align-center\" data-align=\"center\">Resist\u00eancia aos raios UV<\/td><td class=\"has-text-align-center\" data-align=\"center\">Bom<\/td><td class=\"has-text-align-center\" data-align=\"center\">Vari\u00e1vel<\/td><\/tr><tr><td class=\"has-text-align-center\" data-align=\"center\">Aplica\u00e7\u00e3o<\/td><td class=\"has-text-align-center\" data-align=\"center\">Vers\u00e1til<\/td><td class=\"has-text-align-center\" data-align=\"center\">Menos flex\u00edvel<\/td><\/tr><tr><td class=\"has-text-align-center\" data-align=\"center\">Isolamento t\u00e9rmico<\/td><td class=\"has-text-align-center\" data-align=\"center\">Alguns t\u00eam benef\u00edcios<\/td><td class=\"has-text-align-center\" data-align=\"center\">Desigual<\/td><\/tr><tr><td class=\"has-text-align-center\" data-align=\"center\">Prote\u00e7\u00e3o do ambiente<\/td><td class=\"has-text-align-center\" data-align=\"center\">amigo do ambiente<\/td><td class=\"has-text-align-center\" data-align=\"center\">Potencialmente prejudicial<\/td><\/tr><\/tbody><\/table><\/figure>\n\n\n\n<h2 class=\"wp-block-heading\">Desenho de chapa de m\u00e1rmore UV<\/h2>\n\n\n\n<p>As placas de m\u00e1rmore UV s\u00e3o dur\u00e1veis, flex\u00edveis e elegantes, o que as torna ideais para v\u00e1rias aplica\u00e7\u00f5es em casas e empresas. Funcionam bem como pain\u00e9is de parede em cozinhas, casas de banho e salas de estar e s\u00e3o perfeitas para bancadas e toucadores em \u00e1reas de tr\u00e1fego intenso. Estas placas podem tamb\u00e9m cobrir m\u00f3veis como mesas e prateleiras e dar sofistica\u00e7\u00e3o aos tectos. Al\u00e9m disso, podem ser cortadas em pain\u00e9is decorativos para paredes e colunas, real\u00e7ando a beleza de qualquer espa\u00e7o.<\/p>\n\n\n\n<div class=\"wp-block-columns is-layout-flex wp-container-core-columns-is-layout-9d6595d7 wp-block-columns-is-layout-flex\">\n<div class=\"wp-block-column is-layout-flow wp-block-column-is-layout-flow\">\n<figure class=\"wp-block-image size-large\"><img decoding=\"async\" width=\"1024\" height=\"595\" src=\"https:\/\/changflor.com\/wp-content\/uploads\/2024\/07\/\u5fae\u4fe1\u622a\u56fe_20241127144407-1024x595.webp\" alt=\"UV Marble Sheet \" class=\"wp-image-1823\" srcset=\"https:\/\/changflor.com\/wp-content\/uploads\/2024\/07\/\u5fae\u4fe1\u622a\u56fe_20241127144407-1024x595.webp 1024w, https:\/\/changflor.com\/wp-content\/uploads\/2024\/07\/\u5fae\u4fe1\u622a\u56fe_20241127144407-300x174.webp 300w, https:\/\/changflor.com\/wp-content\/uploads\/2024\/07\/\u5fae\u4fe1\u622a\u56fe_20241127144407-768x446.webp 768w, https:\/\/changflor.com\/wp-content\/uploads\/2024\/07\/\u5fae\u4fe1\u622a\u56fe_20241127144407.webp 1479w\" sizes=\"(max-width: 1024px) 100vw, 1024px\" \/><\/figure>\n<\/div>\n\n\n\n<div class=\"wp-block-column is-layout-flow wp-block-column-is-layout-flow\">\n<figure class=\"wp-block-image size-large\"><img decoding=\"async\" width=\"1024\" height=\"595\" src=\"https:\/\/changflor.com\/wp-content\/uploads\/2024\/07\/\u5fae\u4fe1\u622a\u56fe_20241127144407-3-1024x595.webp\" alt=\"UV Marble Sheet \" class=\"wp-image-1822\" srcset=\"https:\/\/changflor.com\/wp-content\/uploads\/2024\/07\/\u5fae\u4fe1\u622a\u56fe_20241127144407-3-1024x595.webp 1024w, https:\/\/changflor.com\/wp-content\/uploads\/2024\/07\/\u5fae\u4fe1\u622a\u56fe_20241127144407-3-300x174.webp 300w, https:\/\/changflor.com\/wp-content\/uploads\/2024\/07\/\u5fae\u4fe1\u622a\u56fe_20241127144407-3-768x446.webp 768w, https:\/\/changflor.com\/wp-content\/uploads\/2024\/07\/\u5fae\u4fe1\u622a\u56fe_20241127144407-3.webp 1479w\" sizes=\"(max-width: 1024px) 100vw, 1024px\" \/><\/figure>\n<\/div>\n<\/div>\n\n\n\n<div class=\"wp-block-columns is-layout-flex wp-container-core-columns-is-layout-9d6595d7 wp-block-columns-is-layout-flex\">\n<div class=\"wp-block-column is-layout-flow wp-block-column-is-layout-flow\">\n<figure class=\"wp-block-image size-large\"><img decoding=\"async\" width=\"1024\" height=\"595\" src=\"https:\/\/changflor.com\/wp-content\/uploads\/2024\/07\/\u5fae\u4fe1\u622a\u56fe_20241127144407-2-1024x595.webp\" alt=\"\" class=\"wp-image-1821\" srcset=\"https:\/\/changflor.com\/wp-content\/uploads\/2024\/07\/\u5fae\u4fe1\u622a\u56fe_20241127144407-2-1024x595.webp 1024w, https:\/\/changflor.com\/wp-content\/uploads\/2024\/07\/\u5fae\u4fe1\u622a\u56fe_20241127144407-2-300x174.webp 300w, https:\/\/changflor.com\/wp-content\/uploads\/2024\/07\/\u5fae\u4fe1\u622a\u56fe_20241127144407-2-768x446.webp 768w, https:\/\/changflor.com\/wp-content\/uploads\/2024\/07\/\u5fae\u4fe1\u622a\u56fe_20241127144407-2.webp 1479w\" sizes=\"(max-width: 1024px) 100vw, 1024px\" \/><\/figure>\n<\/div>\n\n\n\n<div class=\"wp-block-column is-layout-flow wp-block-column-is-layout-flow\">\n<figure class=\"wp-block-image size-large\"><img decoding=\"async\" width=\"1024\" height=\"595\" src=\"https:\/\/changflor.com\/wp-content\/uploads\/2024\/07\/\u5fae\u4fe1\u622a\u56fe_20241127144407-1-1024x595.webp\" alt=\"UV Marble Sheet\" class=\"wp-image-1820\" srcset=\"https:\/\/changflor.com\/wp-content\/uploads\/2024\/07\/\u5fae\u4fe1\u622a\u56fe_20241127144407-1-1024x595.webp 1024w, https:\/\/changflor.com\/wp-content\/uploads\/2024\/07\/\u5fae\u4fe1\u622a\u56fe_20241127144407-1-300x174.webp 300w, https:\/\/changflor.com\/wp-content\/uploads\/2024\/07\/\u5fae\u4fe1\u622a\u56fe_20241127144407-1-768x446.webp 768w, https:\/\/changflor.com\/wp-content\/uploads\/2024\/07\/\u5fae\u4fe1\u622a\u56fe_20241127144407-1.webp 1479w\" sizes=\"(max-width: 1024px) 100vw, 1024px\" \/><\/figure>\n<\/div>\n<\/div>\n\n\n\n<p>Para tamanhos, cores, superf\u00edcies com relevo e acabamentos personalizados, <span style=\"box-sizing: border-box; margin: 0px; padding: 0px;\">ple<\/span>ase\u00a0<a href=\"https:\/\/changflor.com\/pt\/contact\/\">contacte-nos aqui.<\/a><\/p>\n\n\n\n<p><strong>Se quiser saber mais sobre a nossa Chapa de m\u00e1rmore de PVC, pls&nbsp;<a href=\"https:\/\/changflor.com\/wp-content\/uploads\/2024\/07\/Aesthedge-Catalog.pdf\">Descarregar o cat\u00e1logo Aesthedge<\/a><\/strong><\/p>\n\n\n\n<p><\/p>","protected":false},"excerpt":{"rendered":"<p>Apelo est\u00e9tico, durabilidade e manuten\u00e7\u00e3o<\/p>","protected":false},"featured_media":1753,"template":"","products_category":[4],"surface_pvc_marble_sheet_":[188],"style__acoustic_panel_":[],"film__bamboo_charcoal_wood_venee":[],"color_wpc_wall_panel":[],"color_spc_wall_panel_":[],"shape":[],"class_list":["post-204","product","type-product","status-publish","has-post-thumbnail","hentry","products_category-luxury-vinyl-tile","surface_pvc_marble_sheet_-cullinan-gilded"],"yoast_head":"<!-- This site is optimized with the Yoast SEO plugin v25.5 - https:\/\/yoast.com\/wordpress\/plugins\/seo\/ -->\n<title>High-Quality UV Marble sheets from a Reliable Supplier<\/title>\n<meta name=\"description\" content=\"Our Premium UV Marble sheets, made in Linyi, China, are versatile for various applications. Make the best choice for your projects.\" \/>\n<meta name=\"robots\" content=\"noindex, follow, max-snippet:-1, max-image-preview:large, max-video-preview:-1\" \/>\n<meta property=\"og:locale\" content=\"pt_PT\" \/>\n<meta property=\"og:type\" content=\"article\" \/>\n<meta property=\"og:title\" content=\"High-Quality UV Marble sheets from a Reliable Supplier\" \/>\n<meta property=\"og:description\" content=\"Our Premium UV Marble sheets, made in Linyi, China, are versatile for various applications. Make the best choice for your projects.\" \/>\n<meta property=\"og:url\" content=\"https:\/\/changflor.com\/pt\/product\/pvc-marble-sheet-3\/\" \/>\n<meta property=\"og:site_name\" content=\"ChangFlor\" \/>\n<meta property=\"article:modified_time\" content=\"2025-11-11T07:10:14+00:00\" \/>\n<meta property=\"og:image\" content=\"https:\/\/changflor.com\/wp-content\/uploads\/2024\/07\/KLN-1.jpg\" \/>\n\t<meta property=\"og:image:width\" content=\"800\" \/>\n\t<meta property=\"og:image:height\" content=\"800\" \/>\n\t<meta property=\"og:image:type\" content=\"image\/jpeg\" \/>\n<meta name=\"twitter:card\" content=\"summary_large_image\" \/>\n<meta name=\"twitter:label1\" content=\"Tempo estimado de leitura\" \/>\n\t<meta name=\"twitter:data1\" content=\"4 minutos\" \/>\n<script type=\"application\/ld+json\" class=\"yoast-schema-graph\">{\"@context\":\"https:\/\/schema.org\",\"@graph\":[{\"@type\":\"WebPage\",\"@id\":\"https:\/\/changflor.com\/product\/pvc-marble-sheet-3\/\",\"url\":\"https:\/\/changflor.com\/product\/pvc-marble-sheet-3\/\",\"name\":\"High-Quality UV Marble sheets from a Reliable Supplier\",\"isPartOf\":{\"@id\":\"https:\/\/changflor.com\/#website\"},\"primaryImageOfPage\":{\"@id\":\"https:\/\/changflor.com\/product\/pvc-marble-sheet-3\/#primaryimage\"},\"image\":{\"@id\":\"https:\/\/changflor.com\/product\/pvc-marble-sheet-3\/#primaryimage\"},\"thumbnailUrl\":\"https:\/\/changflor.com\/wp-content\/uploads\/2024\/07\/KLN-1.jpg\",\"datePublished\":\"2024-07-16T07:38:42+00:00\",\"dateModified\":\"2025-11-11T07:10:14+00:00\",\"description\":\"Our Premium UV Marble sheets, made in Linyi, China, are versatile for various applications. Make the best choice for your projects.\",\"breadcrumb\":{\"@id\":\"https:\/\/changflor.com\/product\/pvc-marble-sheet-3\/#breadcrumb\"},\"inLanguage\":\"pt-PT\",\"potentialAction\":[{\"@type\":\"ReadAction\",\"target\":[\"https:\/\/changflor.com\/product\/pvc-marble-sheet-3\/\"]}]},{\"@type\":\"ImageObject\",\"inLanguage\":\"pt-PT\",\"@id\":\"https:\/\/changflor.com\/product\/pvc-marble-sheet-3\/#primaryimage\",\"url\":\"https:\/\/changflor.com\/wp-content\/uploads\/2024\/07\/KLN-1.jpg\",\"contentUrl\":\"https:\/\/changflor.com\/wp-content\/uploads\/2024\/07\/KLN-1.jpg\",\"width\":800,\"height\":800},{\"@type\":\"BreadcrumbList\",\"@id\":\"https:\/\/changflor.com\/product\/pvc-marble-sheet-3\/#breadcrumb\",\"itemListElement\":[{\"@type\":\"ListItem\",\"position\":1,\"name\":\"Home\",\"item\":\"https:\/\/changflor.com\/\"},{\"@type\":\"ListItem\",\"position\":2,\"name\":\"LUXURY VINYL TILE\",\"item\":\"https:\/\/changflor.com\/product-category\/luxury-vinyl-tile\/\"},{\"@type\":\"ListItem\",\"position\":3,\"name\":\"UV Marble Sheet-Cullinan Gilded\"}]},{\"@type\":\"WebSite\",\"@id\":\"https:\/\/changflor.com\/#website\",\"url\":\"https:\/\/changflor.com\/\",\"name\":\"ChangFlor\",\"description\":\"Refined Living from the Ground Up\",\"potentialAction\":[{\"@type\":\"SearchAction\",\"target\":{\"@type\":\"EntryPoint\",\"urlTemplate\":\"https:\/\/changflor.com\/?s={search_term_string}\"},\"query-input\":{\"@type\":\"PropertyValueSpecification\",\"valueRequired\":true,\"valueName\":\"search_term_string\"}}],\"inLanguage\":\"pt-PT\"}]}<\/script>\n<!-- \/ Yoast SEO plugin. -->","yoast_head_json":{"title":"High-Quality UV Marble sheets from a Reliable Supplier","description":"Our Premium UV Marble sheets, made in Linyi, China, are versatile for various applications. Make the best choice for your projects.","robots":{"index":"noindex","follow":"follow","max-snippet":"max-snippet:-1","max-image-preview":"max-image-preview:large","max-video-preview":"max-video-preview:-1"},"og_locale":"pt_PT","og_type":"article","og_title":"High-Quality UV Marble sheets from a Reliable Supplier","og_description":"Our Premium UV Marble sheets, made in Linyi, China, are versatile for various applications. Make the best choice for your projects.","og_url":"https:\/\/changflor.com\/pt\/product\/pvc-marble-sheet-3\/","og_site_name":"ChangFlor","article_modified_time":"2025-11-11T07:10:14+00:00","og_image":[{"width":800,"height":800,"url":"https:\/\/changflor.com\/wp-content\/uploads\/2024\/07\/KLN-1.jpg","type":"image\/jpeg"}],"twitter_card":"summary_large_image","twitter_misc":{"Tempo estimado de leitura":"4 minutos"},"schema":{"@context":"https:\/\/schema.org","@graph":[{"@type":"WebPage","@id":"https:\/\/changflor.com\/product\/pvc-marble-sheet-3\/","url":"https:\/\/changflor.com\/product\/pvc-marble-sheet-3\/","name":"High-Quality UV Marble sheets from a Reliable Supplier","isPartOf":{"@id":"https:\/\/changflor.com\/#website"},"primaryImageOfPage":{"@id":"https:\/\/changflor.com\/product\/pvc-marble-sheet-3\/#primaryimage"},"image":{"@id":"https:\/\/changflor.com\/product\/pvc-marble-sheet-3\/#primaryimage"},"thumbnailUrl":"https:\/\/changflor.com\/wp-content\/uploads\/2024\/07\/KLN-1.jpg","datePublished":"2024-07-16T07:38:42+00:00","dateModified":"2025-11-11T07:10:14+00:00","description":"Our Premium UV Marble sheets, made in Linyi, China, are versatile for various applications. Make the best choice for your projects.","breadcrumb":{"@id":"https:\/\/changflor.com\/product\/pvc-marble-sheet-3\/#breadcrumb"},"inLanguage":"pt-PT","potentialAction":[{"@type":"ReadAction","target":["https:\/\/changflor.com\/product\/pvc-marble-sheet-3\/"]}]},{"@type":"ImageObject","inLanguage":"pt-PT","@id":"https:\/\/changflor.com\/product\/pvc-marble-sheet-3\/#primaryimage","url":"https:\/\/changflor.com\/wp-content\/uploads\/2024\/07\/KLN-1.jpg","contentUrl":"https:\/\/changflor.com\/wp-content\/uploads\/2024\/07\/KLN-1.jpg","width":800,"height":800},{"@type":"BreadcrumbList","@id":"https:\/\/changflor.com\/product\/pvc-marble-sheet-3\/#breadcrumb","itemListElement":[{"@type":"ListItem","position":1,"name":"Home","item":"https:\/\/changflor.com\/"},{"@type":"ListItem","position":2,"name":"LUXURY VINYL TILE","item":"https:\/\/changflor.com\/product-category\/luxury-vinyl-tile\/"},{"@type":"ListItem","position":3,"name":"UV Marble Sheet-Cullinan Gilded"}]},{"@type":"WebSite","@id":"https:\/\/changflor.com\/#website","url":"https:\/\/changflor.com\/","name":"ChangFlor","description":"Refined Living from the Ground Up","potentialAction":[{"@type":"SearchAction","target":{"@type":"EntryPoint","urlTemplate":"https:\/\/changflor.com\/?s={search_term_string}"},"query-input":{"@type":"PropertyValueSpecification","valueRequired":true,"valueName":"search_term_string"}}],"inLanguage":"pt-PT"}]}},"_links":{"self":[{"href":"https:\/\/changflor.com\/pt\/wp-json\/wp\/v2\/product\/204","targetHints":{"allow":["GET"]}}],"collection":[{"href":"https:\/\/changflor.com\/pt\/wp-json\/wp\/v2\/product"}],"about":[{"href":"https:\/\/changflor.com\/pt\/wp-json\/wp\/v2\/types\/product"}],"wp:featuredmedia":[{"embeddable":true,"href":"https:\/\/changflor.com\/pt\/wp-json\/wp\/v2\/media\/1753"}],"wp:attachment":[{"href":"https:\/\/changflor.com\/pt\/wp-json\/wp\/v2\/media?parent=204"}],"wp:term":[{"taxonomy":"products_category","embeddable":true,"href":"https:\/\/changflor.com\/pt\/wp-json\/wp\/v2\/products_category?post=204"},{"taxonomy":"surface_pvc_marble_sheet_","embeddable":true,"href":"https:\/\/changflor.com\/pt\/wp-json\/wp\/v2\/surface_pvc_marble_sheet_?post=204"},{"taxonomy":"style__acoustic_panel_","embeddable":true,"href":"https:\/\/changflor.com\/pt\/wp-json\/wp\/v2\/style__acoustic_panel_?post=204"},{"taxonomy":"film__bamboo_charcoal_wood_venee","embeddable":true,"href":"https:\/\/changflor.com\/pt\/wp-json\/wp\/v2\/film__bamboo_charcoal_wood_venee?post=204"},{"taxonomy":"color_wpc_wall_panel","embeddable":true,"href":"https:\/\/changflor.com\/pt\/wp-json\/wp\/v2\/color_wpc_wall_panel?post=204"},{"taxonomy":"color_spc_wall_panel_","embeddable":true,"href":"https:\/\/changflor.com\/pt\/wp-json\/wp\/v2\/color_spc_wall_panel_?post=204"},{"taxonomy":"shape","embeddable":true,"href":"https:\/\/changflor.com\/pt\/wp-json\/wp\/v2\/shape?post=204"}],"curies":[{"name":"wp","href":"https:\/\/api.w.org\/{rel}","templated":true}]}}