{"id":3735,"date":"2025-08-29T07:28:17","date_gmt":"2025-08-29T07:28:17","guid":{"rendered":"https:\/\/changflor.com\/?post_type=product&#038;p=3735"},"modified":"2025-10-30T07:44:07","modified_gmt":"2025-10-30T07:44:07","slug":"five-star-hotel-mirror-panel","status":"publish","type":"product","link":"https:\/\/changflor.com\/fr\/product\/five-star-hotel-mirror-panel\/","title":{"rendered":"Five star-Hotel Mirror Panel"},"content":{"rendered":"<h2 class=\"wp-block-heading\">Description du produit<\/h2>\n\n\n\n<p>Le placage de bois de charbon de bambou est fabriqu\u00e9 \u00e0 partir de r\u00e9sine de chlorure de polyinyle, combin\u00e9e \u00e0 de la poudre de bois et \u00e0 des additifs sp\u00e9ciaux, puis extrud\u00e9e. Il s'agit d'un panneau de plastique rigide expans\u00e9, l\u00e9ger et imperm\u00e9able qui convient \u00e0 diverses applications, notamment les armoires de cuisine et de salle de bains, la d\u00e9coration int\u00e9rieure, les stands, les enseignes et les pr\u00e9sentoirs publicitaires, les prototypes, etc. Le placage de bois de charbon de bambou peut \u00eatre facilement trait\u00e9 par sciage, d\u00e9coupe CNC, impression, pon\u00e7age, routage, peinture, stratification et autres m\u00e9thodes.<\/p>\n\n\n\n<p>Pour des tailles, des couleurs, des gaufrages et des finitions sur mesure, veuillez contacter&nbsp;<a href=\"\/fr\/contact\/\">contactez-nous ici<\/a>.<\/p>\n\n\n\n<figure class=\"wp-block-table\"><table><tbody><tr><td><strong>Mat\u00e9riau<\/strong><\/td><td>Bois composite<\/td><\/tr><tr><td><strong>\u00c9paisseur<\/strong><\/td><td>5\/8mm<\/td><\/tr><tr><td><strong>Taille<\/strong><\/td><td>1220*<em>2440mm(4<\/em>*8feet), sur mesure<\/td><\/tr><tr><td><strong>Service de traitement<\/strong><\/td><td>Coupe, courbure, emballage, etc.<\/td><\/tr><tr><td><strong>Densit\u00e9<\/strong><\/td><td>0,6-1,0 tonnes\/m3<\/td><\/tr><tr><td><strong>Couleur<\/strong><\/td><td>Couleur bois, couleur marbre, etc.<\/td><\/tr><tr><td><strong>Applications<\/strong><\/td><td>Salon, chambre \u00e0 coucher, restaurant, h\u00f4tel, lieu de divertissement, station baln\u00e9aire, etc.<\/td><\/tr><\/tbody><\/table><\/figure>\n\n\n\n<figure class=\"wp-block-image size-full\"><img decoding=\"async\" width=\"800\" height=\"800\" src=\"https:\/\/changflor.com\/wp-content\/uploads\/2025\/08\/4.webp\" alt=\"\" class=\"wp-image-3739\" srcset=\"https:\/\/changflor.com\/wp-content\/uploads\/2025\/08\/4.webp 800w, https:\/\/changflor.com\/wp-content\/uploads\/2025\/08\/4-300x300.webp 300w, https:\/\/changflor.com\/wp-content\/uploads\/2025\/08\/4-150x150.webp 150w, https:\/\/changflor.com\/wp-content\/uploads\/2025\/08\/4-768x768.webp 768w, https:\/\/changflor.com\/wp-content\/uploads\/2025\/08\/4-12x12.webp 12w\" sizes=\"(max-width: 800px) 100vw, 800px\" \/><\/figure>","protected":false},"excerpt":{"rendered":"<p>L\u00e9ger\uff0cR\u00e9sistance \u00e0 l'humidit\u00e9\uff0cDurabilit\u00e9<\/p>","protected":false},"featured_media":4219,"template":"","products_category":[55],"surface_pvc_marble_sheet_":[],"style__acoustic_panel_":[],"film__bamboo_charcoal_wood_venee":[156],"color_wpc_wall_panel":[],"color_spc_wall_panel_":[],"shape":[],"class_list":["post-3735","product","type-product","status-publish","has-post-thumbnail","hentry","products_category-hybrid-resilient","film__bamboo_charcoal_wood_venee-mirror"],"yoast_head":"<!-- This site is optimized with the Yoast SEO plugin v25.5 - https:\/\/yoast.com\/wordpress\/plugins\/seo\/ -->\n<title>Premium Five star-Hotel Mirror Panel from Our Company<\/title>\n<meta name=\"description\" content=\"Our company offers mirror panel with superior quality. Designed for the international market. Trust our product for your business needs.\" \/>\n<meta name=\"robots\" content=\"noindex, follow, max-snippet:-1, max-image-preview:large, max-video-preview:-1\" \/>\n<meta property=\"og:locale\" content=\"fr_FR\" \/>\n<meta property=\"og:type\" content=\"article\" \/>\n<meta property=\"og:title\" content=\"Premium Five star-Hotel Mirror Panel from Our Company\" \/>\n<meta property=\"og:description\" content=\"Our company offers mirror panel with superior quality. Designed for the international market. Trust our product for your business needs.\" \/>\n<meta property=\"og:url\" content=\"https:\/\/changflor.com\/fr\/product\/five-star-hotel-mirror-panel\/\" \/>\n<meta property=\"og:site_name\" content=\"ChangFlor\" \/>\n<meta property=\"article:modified_time\" content=\"2025-10-30T07:44:07+00:00\" \/>\n<meta property=\"og:image\" content=\"https:\/\/changflor.com\/wp-content\/uploads\/2025\/08\/48c08a09686638e390cc35804387f89e.webp\" \/>\n\t<meta property=\"og:image:width\" content=\"800\" \/>\n\t<meta property=\"og:image:height\" content=\"800\" \/>\n\t<meta property=\"og:image:type\" content=\"image\/webp\" \/>\n<meta name=\"twitter:card\" content=\"summary_large_image\" \/>\n<meta name=\"twitter:label1\" content=\"Dur\u00e9e de lecture estim\u00e9e\" \/>\n\t<meta name=\"twitter:data1\" content=\"1 minute\" \/>\n<script type=\"application\/ld+json\" class=\"yoast-schema-graph\">{\"@context\":\"https:\/\/schema.org\",\"@graph\":[{\"@type\":\"WebPage\",\"@id\":\"https:\/\/changflor.com\/product\/five-star-hotel-mirror-panel\/\",\"url\":\"https:\/\/changflor.com\/product\/five-star-hotel-mirror-panel\/\",\"name\":\"Premium Five star-Hotel Mirror Panel from Our Company\",\"isPartOf\":{\"@id\":\"https:\/\/changflor.com\/#website\"},\"primaryImageOfPage\":{\"@id\":\"https:\/\/changflor.com\/product\/five-star-hotel-mirror-panel\/#primaryimage\"},\"image\":{\"@id\":\"https:\/\/changflor.com\/product\/five-star-hotel-mirror-panel\/#primaryimage\"},\"thumbnailUrl\":\"https:\/\/changflor.com\/wp-content\/uploads\/2025\/08\/48c08a09686638e390cc35804387f89e.webp\",\"datePublished\":\"2025-08-29T07:28:17+00:00\",\"dateModified\":\"2025-10-30T07:44:07+00:00\",\"description\":\"Our company offers mirror panel with superior quality. Designed for the international market. Trust our product for your business needs.\",\"breadcrumb\":{\"@id\":\"https:\/\/changflor.com\/product\/five-star-hotel-mirror-panel\/#breadcrumb\"},\"inLanguage\":\"fr-FR\",\"potentialAction\":[{\"@type\":\"ReadAction\",\"target\":[\"https:\/\/changflor.com\/product\/five-star-hotel-mirror-panel\/\"]}]},{\"@type\":\"ImageObject\",\"inLanguage\":\"fr-FR\",\"@id\":\"https:\/\/changflor.com\/product\/five-star-hotel-mirror-panel\/#primaryimage\",\"url\":\"https:\/\/changflor.com\/wp-content\/uploads\/2025\/08\/48c08a09686638e390cc35804387f89e.webp\",\"contentUrl\":\"https:\/\/changflor.com\/wp-content\/uploads\/2025\/08\/48c08a09686638e390cc35804387f89e.webp\",\"width\":800,\"height\":800},{\"@type\":\"BreadcrumbList\",\"@id\":\"https:\/\/changflor.com\/product\/five-star-hotel-mirror-panel\/#breadcrumb\",\"itemListElement\":[{\"@type\":\"ListItem\",\"position\":1,\"name\":\"Home\",\"item\":\"https:\/\/changflor.com\/\"},{\"@type\":\"ListItem\",\"position\":2,\"name\":\"HYBRID RESILIENT\",\"item\":\"https:\/\/changflor.com\/product-category\/hybrid-resilient\/\"},{\"@type\":\"ListItem\",\"position\":3,\"name\":\"Five star-Hotel Mirror Panel\"}]},{\"@type\":\"WebSite\",\"@id\":\"https:\/\/changflor.com\/#website\",\"url\":\"https:\/\/changflor.com\/\",\"name\":\"ChangFlor\",\"description\":\"Refined Living from the Ground Up\",\"potentialAction\":[{\"@type\":\"SearchAction\",\"target\":{\"@type\":\"EntryPoint\",\"urlTemplate\":\"https:\/\/changflor.com\/?s={search_term_string}\"},\"query-input\":{\"@type\":\"PropertyValueSpecification\",\"valueRequired\":true,\"valueName\":\"search_term_string\"}}],\"inLanguage\":\"fr-FR\"}]}<\/script>\n<!-- \/ Yoast SEO plugin. -->","yoast_head_json":{"title":"Premium Five star-Hotel Mirror Panel from Our Company","description":"Our company offers mirror panel with superior quality. Designed for the international market. Trust our product for your business needs.","robots":{"index":"noindex","follow":"follow","max-snippet":"max-snippet:-1","max-image-preview":"max-image-preview:large","max-video-preview":"max-video-preview:-1"},"og_locale":"fr_FR","og_type":"article","og_title":"Premium Five star-Hotel Mirror Panel from Our Company","og_description":"Our company offers mirror panel with superior quality. Designed for the international market. Trust our product for your business needs.","og_url":"https:\/\/changflor.com\/fr\/product\/five-star-hotel-mirror-panel\/","og_site_name":"ChangFlor","article_modified_time":"2025-10-30T07:44:07+00:00","og_image":[{"width":800,"height":800,"url":"https:\/\/changflor.com\/wp-content\/uploads\/2025\/08\/48c08a09686638e390cc35804387f89e.webp","type":"image\/webp"}],"twitter_card":"summary_large_image","twitter_misc":{"Dur\u00e9e de lecture estim\u00e9e":"1 minute"},"schema":{"@context":"https:\/\/schema.org","@graph":[{"@type":"WebPage","@id":"https:\/\/changflor.com\/product\/five-star-hotel-mirror-panel\/","url":"https:\/\/changflor.com\/product\/five-star-hotel-mirror-panel\/","name":"Premium Five star-Hotel Mirror Panel from Our Company","isPartOf":{"@id":"https:\/\/changflor.com\/#website"},"primaryImageOfPage":{"@id":"https:\/\/changflor.com\/product\/five-star-hotel-mirror-panel\/#primaryimage"},"image":{"@id":"https:\/\/changflor.com\/product\/five-star-hotel-mirror-panel\/#primaryimage"},"thumbnailUrl":"https:\/\/changflor.com\/wp-content\/uploads\/2025\/08\/48c08a09686638e390cc35804387f89e.webp","datePublished":"2025-08-29T07:28:17+00:00","dateModified":"2025-10-30T07:44:07+00:00","description":"Our company offers mirror panel with superior quality. Designed for the international market. Trust our product for your business needs.","breadcrumb":{"@id":"https:\/\/changflor.com\/product\/five-star-hotel-mirror-panel\/#breadcrumb"},"inLanguage":"fr-FR","potentialAction":[{"@type":"ReadAction","target":["https:\/\/changflor.com\/product\/five-star-hotel-mirror-panel\/"]}]},{"@type":"ImageObject","inLanguage":"fr-FR","@id":"https:\/\/changflor.com\/product\/five-star-hotel-mirror-panel\/#primaryimage","url":"https:\/\/changflor.com\/wp-content\/uploads\/2025\/08\/48c08a09686638e390cc35804387f89e.webp","contentUrl":"https:\/\/changflor.com\/wp-content\/uploads\/2025\/08\/48c08a09686638e390cc35804387f89e.webp","width":800,"height":800},{"@type":"BreadcrumbList","@id":"https:\/\/changflor.com\/product\/five-star-hotel-mirror-panel\/#breadcrumb","itemListElement":[{"@type":"ListItem","position":1,"name":"Home","item":"https:\/\/changflor.com\/"},{"@type":"ListItem","position":2,"name":"HYBRID RESILIENT","item":"https:\/\/changflor.com\/product-category\/hybrid-resilient\/"},{"@type":"ListItem","position":3,"name":"Five star-Hotel Mirror Panel"}]},{"@type":"WebSite","@id":"https:\/\/changflor.com\/#website","url":"https:\/\/changflor.com\/","name":"ChangFlor","description":"Refined Living from the Ground Up","potentialAction":[{"@type":"SearchAction","target":{"@type":"EntryPoint","urlTemplate":"https:\/\/changflor.com\/?s={search_term_string}"},"query-input":{"@type":"PropertyValueSpecification","valueRequired":true,"valueName":"search_term_string"}}],"inLanguage":"fr-FR"}]}},"_links":{"self":[{"href":"https:\/\/changflor.com\/fr\/wp-json\/wp\/v2\/product\/3735","targetHints":{"allow":["GET"]}}],"collection":[{"href":"https:\/\/changflor.com\/fr\/wp-json\/wp\/v2\/product"}],"about":[{"href":"https:\/\/changflor.com\/fr\/wp-json\/wp\/v2\/types\/product"}],"wp:featuredmedia":[{"embeddable":true,"href":"https:\/\/changflor.com\/fr\/wp-json\/wp\/v2\/media\/4219"}],"wp:attachment":[{"href":"https:\/\/changflor.com\/fr\/wp-json\/wp\/v2\/media?parent=3735"}],"wp:term":[{"taxonomy":"products_category","embeddable":true,"href":"https:\/\/changflor.com\/fr\/wp-json\/wp\/v2\/products_category?post=3735"},{"taxonomy":"surface_pvc_marble_sheet_","embeddable":true,"href":"https:\/\/changflor.com\/fr\/wp-json\/wp\/v2\/surface_pvc_marble_sheet_?post=3735"},{"taxonomy":"style__acoustic_panel_","embeddable":true,"href":"https:\/\/changflor.com\/fr\/wp-json\/wp\/v2\/style__acoustic_panel_?post=3735"},{"taxonomy":"film__bamboo_charcoal_wood_venee","embeddable":true,"href":"https:\/\/changflor.com\/fr\/wp-json\/wp\/v2\/film__bamboo_charcoal_wood_venee?post=3735"},{"taxonomy":"color_wpc_wall_panel","embeddable":true,"href":"https:\/\/changflor.com\/fr\/wp-json\/wp\/v2\/color_wpc_wall_panel?post=3735"},{"taxonomy":"color_spc_wall_panel_","embeddable":true,"href":"https:\/\/changflor.com\/fr\/wp-json\/wp\/v2\/color_spc_wall_panel_?post=3735"},{"taxonomy":"shape","embeddable":true,"href":"https:\/\/changflor.com\/fr\/wp-json\/wp\/v2\/shape?post=3735"}],"curies":[{"name":"wp","href":"https:\/\/api.w.org\/{rel}","templated":true}]}}