{"id":2813,"date":"2025-03-07T07:25:59","date_gmt":"2025-03-07T07:25:59","guid":{"rendered":"https:\/\/changflor.com\/?post_type=product&#038;p=2813"},"modified":"2025-11-11T07:04:18","modified_gmt":"2025-11-11T07:04:18","slug":"uv-marble-sheet-design","status":"publish","type":"product","link":"https:\/\/changflor.com\/fr\/product\/uv-marble-sheet-design\/","title":{"rendered":"Feuille de marbre UV - Design dor\u00e9"},"content":{"rendered":"<h2 class=\"wp-block-heading\"><br>Description de la feuille de marbre UV<\/h2>\n\n\n\n<p>Enhance your interior spaces with the sophisticated elegance of UV Marble Sheet(PVC Marble Sheet). Designed to mimic the luxurious appearance of natural marble, these sheets offer a cost-effective, lightweight alternative that is as stunning as practical. Available in various colours, patterns, and finishes, they cater to traditional and modern design preferences, making them the best choice for any home or commercial setting.<\/p>\n\n\n\n<figure class=\"wp-block-image size-large\"><img decoding=\"async\" width=\"1024\" height=\"320\" src=\"https:\/\/changflor.com\/wp-content\/uploads\/2024\/07\/\u5fae\u4fe1\u622a\u56fe_20241127160753-1024x320.jpg\" alt=\"\" class=\"wp-image-1815\" srcset=\"https:\/\/changflor.com\/wp-content\/uploads\/2024\/07\/\u5fae\u4fe1\u622a\u56fe_20241127160753-1024x320.jpg 1024w, https:\/\/changflor.com\/wp-content\/uploads\/2024\/07\/\u5fae\u4fe1\u622a\u56fe_20241127160753-300x94.jpg 300w, https:\/\/changflor.com\/wp-content\/uploads\/2024\/07\/\u5fae\u4fe1\u622a\u56fe_20241127160753-768x240.jpg 768w, https:\/\/changflor.com\/wp-content\/uploads\/2024\/07\/\u5fae\u4fe1\u622a\u56fe_20241127160753.jpg 1381w\" sizes=\"(max-width: 1024px) 100vw, 1024px\" \/><\/figure>\n\n\n\n<p>For custom sizes, colours, surface embossed, and finishes,&nbsp;please&nbsp;<a href=\"https:\/\/changflor.com\/fr\/contact\/\">contactez-nous ici.<\/a><\/p>\n\n\n\n<h2 class=\"wp-block-heading\"><strong>Pourquoi choisir la feuille de marbre UV AesthEdge ?<\/strong><\/h2>\n\n\n\n<p><a href=\"https:\/\/changflor.com\/fr\/about\/\">AesthEdge<\/a> UV Marble Sheet for wall combine visual appeal with lasting durability, adding elegance and functionality to any space. Perfect for wall panels, countertops, and decorative accents, these sheets are easy to install and maintain. Their non-porous, waterproof surfaces resist stains and moisture, making them ideal for high-traffic areas, kitchens, and bathrooms.<\/p>\n\n\n\n<div class=\"wp-block-columns is-layout-flex wp-container-core-columns-is-layout-9d6595d7 wp-block-columns-is-layout-flex\">\n<div class=\"wp-block-column is-layout-flow wp-block-column-is-layout-flow\">\n<figure class=\"wp-block-image size-large\"><img decoding=\"async\" width=\"1024\" height=\"576\" src=\"https:\/\/changflor.com\/wp-content\/uploads\/2024\/07\/kln1-1024x576.jpg\" alt=\"\" class=\"wp-image-1730\" srcset=\"https:\/\/changflor.com\/wp-content\/uploads\/2024\/07\/kln1-1024x576.jpg 1024w, https:\/\/changflor.com\/wp-content\/uploads\/2024\/07\/kln1-300x169.jpg 300w, https:\/\/changflor.com\/wp-content\/uploads\/2024\/07\/kln1-768x432.jpg 768w, https:\/\/changflor.com\/wp-content\/uploads\/2024\/07\/kln1-1536x864.jpg 1536w, https:\/\/changflor.com\/wp-content\/uploads\/2024\/07\/kln1-2048x1152.jpg 2048w, https:\/\/changflor.com\/wp-content\/uploads\/2024\/07\/kln1-1920x1080.jpg 1920w\" sizes=\"(max-width: 1024px) 100vw, 1024px\" \/><\/figure>\n<\/div>\n\n\n\n<div class=\"wp-block-column is-layout-flow wp-block-column-is-layout-flow\">\n<figure class=\"wp-block-image size-large\"><img decoding=\"async\" width=\"1024\" height=\"576\" src=\"https:\/\/changflor.com\/wp-content\/uploads\/2024\/07\/kln-1024x576.jpg\" alt=\"AesethEdge UV Marble Sheet Cullinan Suit\" class=\"wp-image-1732\" srcset=\"https:\/\/changflor.com\/wp-content\/uploads\/2024\/07\/kln-1024x576.jpg 1024w, https:\/\/changflor.com\/wp-content\/uploads\/2024\/07\/kln-300x169.jpg 300w, https:\/\/changflor.com\/wp-content\/uploads\/2024\/07\/kln-768x432.jpg 768w, https:\/\/changflor.com\/wp-content\/uploads\/2024\/07\/kln-1536x864.jpg 1536w, https:\/\/changflor.com\/wp-content\/uploads\/2024\/07\/kln-2048x1152.jpg 2048w, https:\/\/changflor.com\/wp-content\/uploads\/2024\/07\/kln-1920x1080.jpg 1920w\" sizes=\"(max-width: 1024px) 100vw, 1024px\" \/><\/figure>\n<\/div>\n<\/div>\n\n\n\n<p>Disponible en plusieurs couleurs et motifs, la feuille de marbre UV AesthEdge offre des possibilit\u00e9s d'am\u00e9nagement vari\u00e9es, du style traditionnel au style contemporain. En tant qu'alternative \u00e9cologique au marbre naturel, elle r\u00e9duit l'impact sur l'environnement tout en rehaussant tout int\u00e9rieur d'une beaut\u00e9 et d'une praticit\u00e9 intemporelles.<\/p>\n\n\n\n<h2 class=\"wp-block-heading has-text-align-left\"><strong>Panneau de marbre UV vs panneau mural traditionnel<\/strong><\/h2>\n\n\n\n<figure class=\"wp-block-table\"><table class=\"has-fixed-layout\"><tbody><tr><td class=\"has-text-align-center\" data-align=\"center\"><strong>\u00c9l\u00e9ments de comparaison<\/strong><\/td><td class=\"has-text-align-center\" data-align=\"center\"><strong>Feuille de marbre UV<\/strong><\/td><td class=\"has-text-align-center\" data-align=\"center\"><strong>Panneau mural traditionnel<\/strong><\/td><\/tr><tr><td class=\"has-text-align-center\" data-align=\"center\">Apparence<\/td><td class=\"has-text-align-center\" data-align=\"center\">Aspect marbre riche<\/td><td class=\"has-text-align-center\" data-align=\"center\">Style simple ou sp\u00e9cifique<\/td><\/tr><tr><td class=\"has-text-align-center\" data-align=\"center\">prix<\/td><td class=\"has-text-align-center\" data-align=\"center\">Rentabilit\u00e9<\/td><td class=\"has-text-align-center\" data-align=\"center\">Variable, parfois co\u00fbteux<\/td><\/tr><tr><td class=\"has-text-align-center\" data-align=\"center\">Installation<\/td><td class=\"has-text-align-center\" data-align=\"center\">Facile et rapide<\/td><td class=\"has-text-align-center\" data-align=\"center\">Peut \u00eatre complexe<\/td><\/tr><tr><td class=\"has-text-align-center\" data-align=\"center\">Maintenance<\/td><td class=\"has-text-align-center\" data-align=\"center\">Faible effort<\/td><td class=\"has-text-align-center\" data-align=\"center\">Plus exigeant<\/td><\/tr><tr><td class=\"has-text-align-center\" data-align=\"center\">Durabilit\u00e9<\/td><td class=\"has-text-align-center\" data-align=\"center\">Longue dur\u00e9e<\/td><td class=\"has-text-align-center\" data-align=\"center\">Susceptible d'\u00eatre endommag\u00e9<\/td><\/tr><tr><td class=\"has-text-align-center\" data-align=\"center\">Imperm\u00e9able \u00e0 l'eau<\/td><td class=\"has-text-align-center\" data-align=\"center\">Excellent<\/td><td class=\"has-text-align-center\" data-align=\"center\">Limit\u00e9e<\/td><\/tr><tr><td class=\"has-text-align-center\" data-align=\"center\">R\u00e9sistance aux UV<\/td><td class=\"has-text-align-center\" data-align=\"center\">Bon<\/td><td class=\"has-text-align-center\" data-align=\"center\">Variable<\/td><\/tr><tr><td class=\"has-text-align-center\" data-align=\"center\">Application<\/td><td class=\"has-text-align-center\" data-align=\"center\">Polyvalent<\/td><td class=\"has-text-align-center\" data-align=\"center\">Moins flexible<\/td><\/tr><tr><td class=\"has-text-align-center\" data-align=\"center\">Isolation thermique<\/td><td class=\"has-text-align-center\" data-align=\"center\">Certains ont b\u00e9n\u00e9fici\u00e9<\/td><td class=\"has-text-align-center\" data-align=\"center\">In\u00e9gal<\/td><\/tr><tr><td class=\"has-text-align-center\" data-align=\"center\">Protection de l'environnement<\/td><td class=\"has-text-align-center\" data-align=\"center\">\u00e9cologique<\/td><td class=\"has-text-align-center\" data-align=\"center\">Potentiellement dangereux<\/td><\/tr><\/tbody><\/table><\/figure>\n\n\n\n<h2 class=\"wp-block-heading\">Design de la feuille de marbre UV<\/h2>\n\n\n\n<p>Les feuilles de marbre UV sont durables, flexibles et \u00e9l\u00e9gantes, ce qui les rend id\u00e9ales pour diverses applications dans les maisons et les entreprises. Elles conviennent parfaitement comme panneaux muraux dans les cuisines, les salles de bains et les salons, et sont parfaites pour les comptoirs et les meubles-lavabos dans les zones tr\u00e8s fr\u00e9quent\u00e9es. Ces feuilles peuvent \u00e9galement recouvrir des meubles tels que des tables et des \u00e9tag\u00e8res et ajouter de la sophistication aux plafonds. En outre, elles peuvent \u00eatre d\u00e9coup\u00e9es en panneaux d\u00e9coratifs pour les murs et les colonnes, afin de rehausser la beaut\u00e9 de n'importe quel espace.<\/p>\n\n\n\n<div class=\"wp-block-columns is-layout-flex wp-container-core-columns-is-layout-9d6595d7 wp-block-columns-is-layout-flex\">\n<div class=\"wp-block-column is-layout-flow wp-block-column-is-layout-flow\">\n<figure class=\"wp-block-image size-large\"><img decoding=\"async\" width=\"1024\" height=\"595\" src=\"https:\/\/changflor.com\/wp-content\/uploads\/2024\/07\/\u5fae\u4fe1\u622a\u56fe_20241127144407-1024x595.webp\" alt=\"UV Marble Sheet \" class=\"wp-image-1823\" srcset=\"https:\/\/changflor.com\/wp-content\/uploads\/2024\/07\/\u5fae\u4fe1\u622a\u56fe_20241127144407-1024x595.webp 1024w, https:\/\/changflor.com\/wp-content\/uploads\/2024\/07\/\u5fae\u4fe1\u622a\u56fe_20241127144407-300x174.webp 300w, https:\/\/changflor.com\/wp-content\/uploads\/2024\/07\/\u5fae\u4fe1\u622a\u56fe_20241127144407-768x446.webp 768w, https:\/\/changflor.com\/wp-content\/uploads\/2024\/07\/\u5fae\u4fe1\u622a\u56fe_20241127144407.webp 1479w\" sizes=\"(max-width: 1024px) 100vw, 1024px\" \/><\/figure>\n<\/div>\n\n\n\n<div class=\"wp-block-column is-layout-flow wp-block-column-is-layout-flow\">\n<figure class=\"wp-block-image size-large\"><img decoding=\"async\" width=\"1024\" height=\"595\" src=\"https:\/\/changflor.com\/wp-content\/uploads\/2024\/07\/\u5fae\u4fe1\u622a\u56fe_20241127144407-3-1024x595.webp\" alt=\"UV Marble Sheet \" class=\"wp-image-1822\" srcset=\"https:\/\/changflor.com\/wp-content\/uploads\/2024\/07\/\u5fae\u4fe1\u622a\u56fe_20241127144407-3-1024x595.webp 1024w, https:\/\/changflor.com\/wp-content\/uploads\/2024\/07\/\u5fae\u4fe1\u622a\u56fe_20241127144407-3-300x174.webp 300w, https:\/\/changflor.com\/wp-content\/uploads\/2024\/07\/\u5fae\u4fe1\u622a\u56fe_20241127144407-3-768x446.webp 768w, https:\/\/changflor.com\/wp-content\/uploads\/2024\/07\/\u5fae\u4fe1\u622a\u56fe_20241127144407-3.webp 1479w\" sizes=\"(max-width: 1024px) 100vw, 1024px\" \/><\/figure>\n<\/div>\n<\/div>\n\n\n\n<div class=\"wp-block-columns is-layout-flex wp-container-core-columns-is-layout-9d6595d7 wp-block-columns-is-layout-flex\">\n<div class=\"wp-block-column is-layout-flow wp-block-column-is-layout-flow\">\n<figure class=\"wp-block-image size-large\"><img decoding=\"async\" width=\"1024\" height=\"595\" src=\"https:\/\/changflor.com\/wp-content\/uploads\/2024\/07\/\u5fae\u4fe1\u622a\u56fe_20241127144407-2-1024x595.webp\" alt=\"\" class=\"wp-image-1821\" srcset=\"https:\/\/changflor.com\/wp-content\/uploads\/2024\/07\/\u5fae\u4fe1\u622a\u56fe_20241127144407-2-1024x595.webp 1024w, https:\/\/changflor.com\/wp-content\/uploads\/2024\/07\/\u5fae\u4fe1\u622a\u56fe_20241127144407-2-300x174.webp 300w, https:\/\/changflor.com\/wp-content\/uploads\/2024\/07\/\u5fae\u4fe1\u622a\u56fe_20241127144407-2-768x446.webp 768w, https:\/\/changflor.com\/wp-content\/uploads\/2024\/07\/\u5fae\u4fe1\u622a\u56fe_20241127144407-2.webp 1479w\" sizes=\"(max-width: 1024px) 100vw, 1024px\" \/><\/figure>\n<\/div>\n\n\n\n<div class=\"wp-block-column is-layout-flow wp-block-column-is-layout-flow\">\n<figure class=\"wp-block-image size-large\"><img decoding=\"async\" width=\"1024\" height=\"595\" src=\"https:\/\/changflor.com\/wp-content\/uploads\/2024\/07\/\u5fae\u4fe1\u622a\u56fe_20241127144407-1-1024x595.webp\" alt=\"UV Marble Sheet\" class=\"wp-image-1820\" srcset=\"https:\/\/changflor.com\/wp-content\/uploads\/2024\/07\/\u5fae\u4fe1\u622a\u56fe_20241127144407-1-1024x595.webp 1024w, https:\/\/changflor.com\/wp-content\/uploads\/2024\/07\/\u5fae\u4fe1\u622a\u56fe_20241127144407-1-300x174.webp 300w, https:\/\/changflor.com\/wp-content\/uploads\/2024\/07\/\u5fae\u4fe1\u622a\u56fe_20241127144407-1-768x446.webp 768w, https:\/\/changflor.com\/wp-content\/uploads\/2024\/07\/\u5fae\u4fe1\u622a\u56fe_20241127144407-1.webp 1479w\" sizes=\"(max-width: 1024px) 100vw, 1024px\" \/><\/figure>\n<\/div>\n<\/div>\n\n\n\n<p>Pour des tailles, des couleurs, des surfaces gaufr\u00e9es et des finitions sur mesure, <span style=\"box-sizing: border-box; margin: 0px; padding: 0px;\">plaidoyer<\/span>ase&nbsp;<a href=\"https:\/\/changflor.com\/fr\/contact\/\">contactez-nous ici.<\/a><\/p>\n\n\n\n<p><strong>Si vous souhaitez en savoir plus sur nos plaques de marbre en PVC, veuillez nous contacter.&nbsp;<a href=\"https:\/\/changflor.com\/wp-content\/uploads\/2024\/07\/Aesthedge-Catalog.pdf\">T\u00e9l\u00e9charger le catalogue Aesthedge<\/a><\/strong><\/p>\n\n\n\n<p><\/p>","protected":false},"excerpt":{"rendered":"<p>Esth\u00e9tique, durabilit\u00e9 et entretien<\/p>","protected":false},"featured_media":2816,"template":"","products_category":[4],"surface_pvc_marble_sheet_":[188],"style__acoustic_panel_":[],"film__bamboo_charcoal_wood_venee":[],"color_wpc_wall_panel":[],"color_spc_wall_panel_":[],"shape":[],"class_list":["post-2813","product","type-product","status-publish","has-post-thumbnail","hentry","products_category-luxury-vinyl-tile","surface_pvc_marble_sheet_-cullinan-gilded"],"yoast_head":"<!-- This site is optimized with the Yoast SEO plugin v25.5 - https:\/\/yoast.com\/wordpress\/plugins\/seo\/ -->\n<title>High-Quality UV PVC Marble sheets design for indoor decoration<\/title>\n<meta name=\"description\" content=\"Looking for a cost-effective and stylish alternative to natural marble? UV Marble Sheets offer the luxury of real stone with added benefits!\" \/>\n<meta name=\"robots\" content=\"noindex, follow, max-snippet:-1, max-image-preview:large, max-video-preview:-1\" \/>\n<meta property=\"og:locale\" content=\"fr_FR\" \/>\n<meta property=\"og:type\" content=\"article\" \/>\n<meta property=\"og:title\" content=\"High-Quality UV PVC Marble sheets design for indoor decoration\" \/>\n<meta property=\"og:description\" content=\"Looking for a cost-effective and stylish alternative to natural marble? UV Marble Sheets offer the luxury of real stone with added benefits!\" \/>\n<meta property=\"og:url\" content=\"https:\/\/changflor.com\/fr\/product\/uv-marble-sheet-design\/\" \/>\n<meta property=\"og:site_name\" content=\"ChangFlor\" \/>\n<meta property=\"article:modified_time\" content=\"2025-11-11T07:04:18+00:00\" \/>\n<meta property=\"og:image\" content=\"https:\/\/changflor.com\/wp-content\/uploads\/2025\/03\/gilded-design.jpg\" \/>\n\t<meta property=\"og:image:width\" content=\"800\" \/>\n\t<meta property=\"og:image:height\" content=\"800\" \/>\n\t<meta property=\"og:image:type\" content=\"image\/jpeg\" \/>\n<meta name=\"twitter:card\" content=\"summary_large_image\" \/>\n<meta name=\"twitter:label1\" content=\"Dur\u00e9e de lecture estim\u00e9e\" \/>\n\t<meta name=\"twitter:data1\" content=\"4 minutes\" \/>\n<script type=\"application\/ld+json\" class=\"yoast-schema-graph\">{\"@context\":\"https:\/\/schema.org\",\"@graph\":[{\"@type\":\"WebPage\",\"@id\":\"https:\/\/changflor.com\/product\/uv-marble-sheet-design\/\",\"url\":\"https:\/\/changflor.com\/product\/uv-marble-sheet-design\/\",\"name\":\"High-Quality UV PVC Marble sheets design for indoor decoration\",\"isPartOf\":{\"@id\":\"https:\/\/changflor.com\/#website\"},\"primaryImageOfPage\":{\"@id\":\"https:\/\/changflor.com\/product\/uv-marble-sheet-design\/#primaryimage\"},\"image\":{\"@id\":\"https:\/\/changflor.com\/product\/uv-marble-sheet-design\/#primaryimage\"},\"thumbnailUrl\":\"https:\/\/changflor.com\/wp-content\/uploads\/2025\/03\/gilded-design.jpg\",\"datePublished\":\"2025-03-07T07:25:59+00:00\",\"dateModified\":\"2025-11-11T07:04:18+00:00\",\"description\":\"Looking for a cost-effective and stylish alternative to natural marble? UV Marble Sheets offer the luxury of real stone with added benefits!\",\"breadcrumb\":{\"@id\":\"https:\/\/changflor.com\/product\/uv-marble-sheet-design\/#breadcrumb\"},\"inLanguage\":\"fr-FR\",\"potentialAction\":[{\"@type\":\"ReadAction\",\"target\":[\"https:\/\/changflor.com\/product\/uv-marble-sheet-design\/\"]}]},{\"@type\":\"ImageObject\",\"inLanguage\":\"fr-FR\",\"@id\":\"https:\/\/changflor.com\/product\/uv-marble-sheet-design\/#primaryimage\",\"url\":\"https:\/\/changflor.com\/wp-content\/uploads\/2025\/03\/gilded-design.jpg\",\"contentUrl\":\"https:\/\/changflor.com\/wp-content\/uploads\/2025\/03\/gilded-design.jpg\",\"width\":800,\"height\":800},{\"@type\":\"BreadcrumbList\",\"@id\":\"https:\/\/changflor.com\/product\/uv-marble-sheet-design\/#breadcrumb\",\"itemListElement\":[{\"@type\":\"ListItem\",\"position\":1,\"name\":\"Home\",\"item\":\"https:\/\/changflor.com\/\"},{\"@type\":\"ListItem\",\"position\":2,\"name\":\"LUXURY VINYL TILE\",\"item\":\"https:\/\/changflor.com\/product-category\/luxury-vinyl-tile\/\"},{\"@type\":\"ListItem\",\"position\":3,\"name\":\"UV Marble Sheet- Gilded Design\"}]},{\"@type\":\"WebSite\",\"@id\":\"https:\/\/changflor.com\/#website\",\"url\":\"https:\/\/changflor.com\/\",\"name\":\"ChangFlor\",\"description\":\"Refined Living from the Ground Up\",\"potentialAction\":[{\"@type\":\"SearchAction\",\"target\":{\"@type\":\"EntryPoint\",\"urlTemplate\":\"https:\/\/changflor.com\/?s={search_term_string}\"},\"query-input\":{\"@type\":\"PropertyValueSpecification\",\"valueRequired\":true,\"valueName\":\"search_term_string\"}}],\"inLanguage\":\"fr-FR\"}]}<\/script>\n<!-- \/ Yoast SEO plugin. -->","yoast_head_json":{"title":"High-Quality UV PVC Marble sheets design for indoor decoration","description":"Looking for a cost-effective and stylish alternative to natural marble? UV Marble Sheets offer the luxury of real stone with added benefits!","robots":{"index":"noindex","follow":"follow","max-snippet":"max-snippet:-1","max-image-preview":"max-image-preview:large","max-video-preview":"max-video-preview:-1"},"og_locale":"fr_FR","og_type":"article","og_title":"High-Quality UV PVC Marble sheets design for indoor decoration","og_description":"Looking for a cost-effective and stylish alternative to natural marble? UV Marble Sheets offer the luxury of real stone with added benefits!","og_url":"https:\/\/changflor.com\/fr\/product\/uv-marble-sheet-design\/","og_site_name":"ChangFlor","article_modified_time":"2025-11-11T07:04:18+00:00","og_image":[{"width":800,"height":800,"url":"https:\/\/changflor.com\/wp-content\/uploads\/2025\/03\/gilded-design.jpg","type":"image\/jpeg"}],"twitter_card":"summary_large_image","twitter_misc":{"Dur\u00e9e de lecture estim\u00e9e":"4 minutes"},"schema":{"@context":"https:\/\/schema.org","@graph":[{"@type":"WebPage","@id":"https:\/\/changflor.com\/product\/uv-marble-sheet-design\/","url":"https:\/\/changflor.com\/product\/uv-marble-sheet-design\/","name":"High-Quality UV PVC Marble sheets design for indoor decoration","isPartOf":{"@id":"https:\/\/changflor.com\/#website"},"primaryImageOfPage":{"@id":"https:\/\/changflor.com\/product\/uv-marble-sheet-design\/#primaryimage"},"image":{"@id":"https:\/\/changflor.com\/product\/uv-marble-sheet-design\/#primaryimage"},"thumbnailUrl":"https:\/\/changflor.com\/wp-content\/uploads\/2025\/03\/gilded-design.jpg","datePublished":"2025-03-07T07:25:59+00:00","dateModified":"2025-11-11T07:04:18+00:00","description":"Looking for a cost-effective and stylish alternative to natural marble? UV Marble Sheets offer the luxury of real stone with added benefits!","breadcrumb":{"@id":"https:\/\/changflor.com\/product\/uv-marble-sheet-design\/#breadcrumb"},"inLanguage":"fr-FR","potentialAction":[{"@type":"ReadAction","target":["https:\/\/changflor.com\/product\/uv-marble-sheet-design\/"]}]},{"@type":"ImageObject","inLanguage":"fr-FR","@id":"https:\/\/changflor.com\/product\/uv-marble-sheet-design\/#primaryimage","url":"https:\/\/changflor.com\/wp-content\/uploads\/2025\/03\/gilded-design.jpg","contentUrl":"https:\/\/changflor.com\/wp-content\/uploads\/2025\/03\/gilded-design.jpg","width":800,"height":800},{"@type":"BreadcrumbList","@id":"https:\/\/changflor.com\/product\/uv-marble-sheet-design\/#breadcrumb","itemListElement":[{"@type":"ListItem","position":1,"name":"Home","item":"https:\/\/changflor.com\/"},{"@type":"ListItem","position":2,"name":"LUXURY VINYL TILE","item":"https:\/\/changflor.com\/product-category\/luxury-vinyl-tile\/"},{"@type":"ListItem","position":3,"name":"UV Marble Sheet- Gilded Design"}]},{"@type":"WebSite","@id":"https:\/\/changflor.com\/#website","url":"https:\/\/changflor.com\/","name":"ChangFlor","description":"Refined Living from the Ground Up","potentialAction":[{"@type":"SearchAction","target":{"@type":"EntryPoint","urlTemplate":"https:\/\/changflor.com\/?s={search_term_string}"},"query-input":{"@type":"PropertyValueSpecification","valueRequired":true,"valueName":"search_term_string"}}],"inLanguage":"fr-FR"}]}},"_links":{"self":[{"href":"https:\/\/changflor.com\/fr\/wp-json\/wp\/v2\/product\/2813","targetHints":{"allow":["GET"]}}],"collection":[{"href":"https:\/\/changflor.com\/fr\/wp-json\/wp\/v2\/product"}],"about":[{"href":"https:\/\/changflor.com\/fr\/wp-json\/wp\/v2\/types\/product"}],"wp:featuredmedia":[{"embeddable":true,"href":"https:\/\/changflor.com\/fr\/wp-json\/wp\/v2\/media\/2816"}],"wp:attachment":[{"href":"https:\/\/changflor.com\/fr\/wp-json\/wp\/v2\/media?parent=2813"}],"wp:term":[{"taxonomy":"products_category","embeddable":true,"href":"https:\/\/changflor.com\/fr\/wp-json\/wp\/v2\/products_category?post=2813"},{"taxonomy":"surface_pvc_marble_sheet_","embeddable":true,"href":"https:\/\/changflor.com\/fr\/wp-json\/wp\/v2\/surface_pvc_marble_sheet_?post=2813"},{"taxonomy":"style__acoustic_panel_","embeddable":true,"href":"https:\/\/changflor.com\/fr\/wp-json\/wp\/v2\/style__acoustic_panel_?post=2813"},{"taxonomy":"film__bamboo_charcoal_wood_venee","embeddable":true,"href":"https:\/\/changflor.com\/fr\/wp-json\/wp\/v2\/film__bamboo_charcoal_wood_venee?post=2813"},{"taxonomy":"color_wpc_wall_panel","embeddable":true,"href":"https:\/\/changflor.com\/fr\/wp-json\/wp\/v2\/color_wpc_wall_panel?post=2813"},{"taxonomy":"color_spc_wall_panel_","embeddable":true,"href":"https:\/\/changflor.com\/fr\/wp-json\/wp\/v2\/color_spc_wall_panel_?post=2813"},{"taxonomy":"shape","embeddable":true,"href":"https:\/\/changflor.com\/fr\/wp-json\/wp\/v2\/shape?post=2813"}],"curies":[{"name":"wp","href":"https:\/\/api.w.org\/{rel}","templated":true}]}}