{"id":139,"date":"2024-10-15T10:07:00","date_gmt":"2024-10-15T10:07:00","guid":{"rendered":"https:\/\/changflor.com\/?post_type=product&#038;p=139"},"modified":"2024-12-06T06:29:55","modified_gmt":"2024-12-06T06:29:55","slug":"pvc-marble-sheet-2","status":"publish","type":"product","link":"https:\/\/changflor.com\/fr\/product\/pvc-marble-sheet-2\/","title":{"rendered":"Feuille de marbre UV de premi\u00e8re qualit\u00e9 - dor\u00e9e"},"content":{"rendered":"<h2 class=\"wp-block-heading\"><br><strong>Qu'est-ce qu'une feuille de marbre UV ?<\/strong><\/h2>\n\n\n\n<p>Les plaques de marbre UV sont des panneaux d\u00e9coratifs en polychlorure de vinyle (PVC) qui reproduisent l'\u00e9l\u00e9gance du marbre naturel. Ces feuilles offrent l'aspect luxueux du marbre pour une fraction du co\u00fbt, sont l\u00e9g\u00e8res et n\u00e9cessitent peu d'entretien, ce qui en fait une alternative pratique \u00e0 la pierre v\u00e9ritable.<\/p>\n\n\n\n<h2 class=\"wp-block-heading\"><strong>Feuilles de marbre UV Points forts et avantages<\/strong><\/h2>\n\n\n\n<h3 class=\"wp-block-heading\"><strong>Apparence<\/strong><\/h3>\n\n\n\n<p>Les feuilles de marbre UV ont un aspect marbr\u00e9 tr\u00e8s r\u00e9aliste. La technologie d'impression UV reproduit les textures, les couleurs et les motifs complexes du marbre naturel, conf\u00e9rant aux espaces un aspect \u00e9l\u00e9gant et luxueux.<\/p>\n\n\n\n<h3 class=\"wp-block-heading\"><strong>Performance<\/strong><\/h3>\n\n\n\n<div class=\"wp-block-columns alignwide is-layout-flex wp-container-core-columns-is-layout-9d6595d7 wp-block-columns-is-layout-flex\">\n<div class=\"wp-block-column has-text-color has-background has-link-color wp-elements-6ea3cc3b89610768962a76067fabf3aa is-layout-flow wp-block-column-is-layout-flow\" style=\"color:#000000;background-color:#ffe97d;padding-top:2em;padding-right:2em;padding-bottom:2em;padding-left:2em\">\n<p><strong>Tr\u00e8s r\u00e9sistant \u00e0 l'usure<\/strong><\/p>\n\n\n\n<p>Les feuilles de marbre UV sont dot\u00e9es d'un rev\u00eatement de surface protecteur qui les prot\u00e8ge contre les rayures et l'abrasion, garantissant ainsi leur aspect impeccable pendant des ann\u00e9es.<\/p>\n<\/div>\n\n\n\n<div class=\"wp-block-column has-text-color has-background has-link-color wp-elements-6271f3c899fc1f10b014839382213035 is-layout-flow wp-block-column-is-layout-flow\" style=\"color:#000000;background-color:#d1d1e1;padding-top:2em;padding-right:2em;padding-bottom:2em;padding-left:2em\">\n<p><strong>R\u00e9sistance au feu<\/strong><\/p>\n\n\n\n<p>Les plaques de marbre UV ont g\u00e9n\u00e9ralement un certain niveau de r\u00e9sistance au feu, r\u00e9pondant aux exigences de base en mati\u00e8re de protection contre le feu pour la d\u00e9coration int\u00e9rieure. Les plaques de marbre UV AesthEdge peuvent atteindre un niveau de r\u00e9sistance au feu B1.<\/p>\n<\/div>\n\n\n\n<div class=\"wp-block-column has-text-color has-background has-link-color wp-elements-0f5b896b8914a01ecc99b1a87e84db94 is-layout-flow wp-block-column-is-layout-flow\" style=\"color:#000000;background-color:#c0ebf1;padding-top:2em;padding-right:2em;padding-bottom:2em;padding-left:2em\">\n<p><strong>R\u00e9sistant \u00e0 l'eau<\/strong><\/p>\n\n\n\n<p>Ces feuilles UV sont le choix id\u00e9al pour les environnements \u00e0 forte humidit\u00e9 tels que les salles de bains et les cuisines. Elles sont con\u00e7ues pour r\u00e9sister \u00e0 l'humidit\u00e9 sans se d\u00e9former ni se d\u00e9t\u00e9riorer.<\/p>\n<\/div>\n<\/div>\n\n\n\n<div class=\"wp-block-group is-nowrap is-layout-flex wp-container-core-group-is-layout-ad2f72ca wp-block-group-is-layout-flex\">\n<h3 class=\"wp-block-heading\"><strong>Installation et entretien<\/strong><\/h3>\n\n\n\n<p><br><\/p>\n<\/div>\n\n\n\n<p><strong>Facile \u00e0 installer et \u00e0 nettoyer<\/strong><\/p>\n\n\n\n<p>Relativement l\u00e9g\u00e8res, les feuilles UV pour murs sont faciles \u00e0 transporter et \u00e0 installer. L'installation est un processus simple, qui vous permet d'\u00e9conomiser du temps et de l'argent. Un simple coup de chiffon suffit g\u00e9n\u00e9ralement pour que les feuilles UV pour murs restent propres, ce qui r\u00e9duit les efforts d'entretien.<\/p>\n\n\n\n<p><strong>Rapport co\u00fbt-efficacit\u00e9<\/strong><\/p>\n\n\n\n<p>Les plaques de marbre UV constituent une alternative \u00e9conomique au marbre naturel, sans compromis sur l'esth\u00e9tique. Leur aspect attrayant en fait un excellent choix pour les projets qui privil\u00e9gient \u00e0 la fois le style et le prix.<\/p>\n\n\n\n<h2 class=\"wp-block-heading\"><strong>Feuilles de marbre UV Applications<\/strong><\/h2>\n\n\n\n<div class=\"wp-block-columns is-layout-flex wp-container-core-columns-is-layout-9d6595d7 wp-block-columns-is-layout-flex\">\n<div class=\"wp-block-column is-layout-flow wp-block-column-is-layout-flow\">\n<figure class=\"wp-block-gallery has-nested-images columns-default is-cropped wp-block-gallery-1 is-layout-flex wp-block-gallery-is-layout-flex\">\n<figure class=\"wp-block-image size-full\"><img decoding=\"async\" width=\"1024\" height=\"900\" data-id=\"1421\" src=\"https:\/\/changflor.com\/wp-content\/uploads\/2024\/06\/New-Project.webp\" alt=\"uv marble sheet\" class=\"wp-image-1421\" srcset=\"https:\/\/changflor.com\/wp-content\/uploads\/2024\/06\/New-Project.webp 1024w, https:\/\/changflor.com\/wp-content\/uploads\/2024\/06\/New-Project-300x264.webp 300w, https:\/\/changflor.com\/wp-content\/uploads\/2024\/06\/New-Project-768x675.webp 768w\" sizes=\"(max-width: 1024px) 100vw, 1024px\" \/><\/figure>\n<\/figure>\n\n\n\n<figure class=\"wp-block-image size-full\"><img decoding=\"async\" width=\"1024\" height=\"900\" src=\"https:\/\/changflor.com\/wp-content\/uploads\/2024\/06\/New-Project-2.webp\" alt=\"\" class=\"wp-image-1422\" srcset=\"https:\/\/changflor.com\/wp-content\/uploads\/2024\/06\/New-Project-2.webp 1024w, https:\/\/changflor.com\/wp-content\/uploads\/2024\/06\/New-Project-2-300x264.webp 300w, https:\/\/changflor.com\/wp-content\/uploads\/2024\/06\/New-Project-2-768x675.webp 768w\" sizes=\"(max-width: 1024px) 100vw, 1024px\" \/><\/figure>\n<\/div>\n\n\n\n<div class=\"wp-block-column is-layout-flow wp-block-column-is-layout-flow\">\n<figure class=\"wp-block-image size-full\"><img decoding=\"async\" width=\"1024\" height=\"900\" src=\"https:\/\/changflor.com\/wp-content\/uploads\/2024\/06\/New-Project-1.webp\" alt=\"\" class=\"wp-image-1423\" srcset=\"https:\/\/changflor.com\/wp-content\/uploads\/2024\/06\/New-Project-1.webp 1024w, https:\/\/changflor.com\/wp-content\/uploads\/2024\/06\/New-Project-1-300x264.webp 300w, https:\/\/changflor.com\/wp-content\/uploads\/2024\/06\/New-Project-1-768x675.webp 768w\" sizes=\"(max-width: 1024px) 100vw, 1024px\" \/><\/figure>\n\n\n\n<figure class=\"wp-block-image size-full\"><img decoding=\"async\" width=\"1024\" height=\"900\" src=\"https:\/\/changflor.com\/wp-content\/uploads\/2024\/06\/New-Project-3.webp\" alt=\"uv sheet\" class=\"wp-image-1424\" srcset=\"https:\/\/changflor.com\/wp-content\/uploads\/2024\/06\/New-Project-3.webp 1024w, https:\/\/changflor.com\/wp-content\/uploads\/2024\/06\/New-Project-3-300x264.webp 300w, https:\/\/changflor.com\/wp-content\/uploads\/2024\/06\/New-Project-3-768x675.webp 768w\" sizes=\"(max-width: 1024px) 100vw, 1024px\" \/><\/figure>\n<\/div>\n<\/div>\n\n\n\n<p>Les plaques de marbre UV offrent une solution polyvalente pour une large gamme d'applications, ce qui en fait un choix populaire pour les espaces r\u00e9sidentiels et commerciaux.<\/p>\n\n\n\n<p><strong>Locaux commerciaux<\/strong><\/p>\n\n\n\n<p>Faites une impression durable sur les clients avec les plaques de marbre UV dans les h\u00f4tels, les centres commerciaux et les restaurants. Am\u00e9liorez votre image de marque et attirez davantage de clients gr\u00e2ce \u00e0 nos plaques de marbre UV \u00e9l\u00e9gantes et durables.<\/p>\n\n\n\n<p><strong>D\u00e9coration int\u00e9rieure<\/strong><\/p>\n\n\n\n<p>Les feuilles de marbre UV rehaussent les espaces de vie en ajoutant une touche de sophistication aux murs, aux plafonds et aux dosserets.<\/p>\n\n\n\n<p>Cr\u00e9ez une cuisine et une salle de bain luxueuses et hygi\u00e9niques gr\u00e2ce \u00e0 nos plaques de marbre UV imperm\u00e9ables et faciles \u00e0 nettoyer.<\/p>\n\n\n\n<p><strong>Locaux \u00e0 usage de bureaux<\/strong><\/p>\n\n\n\n<p>Cr\u00e9ez une atmosph\u00e8re professionnelle et accueillante dans les immeubles de bureaux gr\u00e2ce \u00e0 nos plaques de marbre UV \u00e9l\u00e9gantes.<\/p>\n\n\n\n<p>Cr\u00e9ez une salle de r\u00e9union moderne et fonctionnelle qui laissera une impression durable.<\/p>\n\n\n\n<p>Pour des tailles, des couleurs, des gaufrages et des finitions sur mesure, veuillez contacter&nbsp;<a href=\"\/fr\/contact\/\">contactez-nous ici<\/a>.<\/p>\n\n\n\n<p><strong>Vous souhaitez en savoir plus sur nos plaques de marbre en PVC ?&nbsp;<a href=\"https:\/\/changflor.com\/wp-content\/uploads\/2024\/07\/Aesthedge-Catalog.pdf\">T\u00e9l\u00e9charger le catalogue Aesthedge<\/a><\/strong><\/p>\n\n\n\n<p><\/p>","protected":false},"excerpt":{"rendered":"<p>6 po. Wide x 36 in. Long Faible Lustre<\/p>","protected":false},"featured_media":1321,"template":"","products_category":[4],"surface_pvc_marble_sheet_":[126],"style__acoustic_panel_":[],"film__bamboo_charcoal_wood_venee":[],"color_wpc_wall_panel":[],"color_spc_wall_panel_":[],"shape":[],"class_list":["post-139","product","type-product","status-publish","has-post-thumbnail","hentry","products_category-luxury-vinyl-tile","surface_pvc_marble_sheet_-gilded-marble-sheet"],"yoast_head":"<!-- This site is optimized with the Yoast SEO plugin v25.5 - https:\/\/yoast.com\/wordpress\/plugins\/seo\/ -->\n<title>Premium UV Marble Sheets: Realistic Marble, Easy Installation<\/title>\n<meta name=\"description\" content=\"Our UV marble sheets offer a high-quality, cost-effective alternative to natural marble. Perfect for interior design projects. Contact us for a quote today.\" \/>\n<meta name=\"robots\" content=\"noindex, follow, max-snippet:-1, max-image-preview:large, max-video-preview:-1\" \/>\n<meta property=\"og:locale\" content=\"fr_FR\" \/>\n<meta property=\"og:type\" content=\"article\" \/>\n<meta property=\"og:title\" content=\"Premium UV Marble Sheets: Realistic Marble, Easy Installation\" \/>\n<meta property=\"og:description\" content=\"Our UV marble sheets offer a high-quality, cost-effective alternative to natural marble. Perfect for interior design projects. Contact us for a quote today.\" \/>\n<meta property=\"og:url\" content=\"https:\/\/changflor.com\/fr\/product\/pvc-marble-sheet-2\/\" \/>\n<meta property=\"og:site_name\" content=\"ChangFlor\" \/>\n<meta property=\"article:modified_time\" content=\"2024-12-06T06:29:55+00:00\" \/>\n<meta property=\"og:image\" content=\"https:\/\/changflor.com\/wp-content\/uploads\/2024\/06\/pvc-marble-sheet-black.jpg\" \/>\n\t<meta property=\"og:image:width\" content=\"710\" \/>\n\t<meta property=\"og:image:height\" content=\"500\" \/>\n\t<meta property=\"og:image:type\" content=\"image\/jpeg\" \/>\n<meta name=\"twitter:card\" content=\"summary_large_image\" \/>\n<meta name=\"twitter:label1\" content=\"Dur\u00e9e de lecture estim\u00e9e\" \/>\n\t<meta name=\"twitter:data1\" content=\"3 minutes\" \/>\n<script type=\"application\/ld+json\" class=\"yoast-schema-graph\">{\"@context\":\"https:\/\/schema.org\",\"@graph\":[{\"@type\":\"WebPage\",\"@id\":\"https:\/\/changflor.com\/product\/pvc-marble-sheet-2\/\",\"url\":\"https:\/\/changflor.com\/product\/pvc-marble-sheet-2\/\",\"name\":\"Premium UV Marble Sheets: Realistic Marble, Easy Installation\",\"isPartOf\":{\"@id\":\"https:\/\/changflor.com\/#website\"},\"primaryImageOfPage\":{\"@id\":\"https:\/\/changflor.com\/product\/pvc-marble-sheet-2\/#primaryimage\"},\"image\":{\"@id\":\"https:\/\/changflor.com\/product\/pvc-marble-sheet-2\/#primaryimage\"},\"thumbnailUrl\":\"https:\/\/changflor.com\/wp-content\/uploads\/2024\/06\/pvc-marble-sheet-black.jpg\",\"datePublished\":\"2024-10-15T10:07:00+00:00\",\"dateModified\":\"2024-12-06T06:29:55+00:00\",\"description\":\"Our UV marble sheets offer a high-quality, cost-effective alternative to natural marble. Perfect for interior design projects. Contact us for a quote today.\",\"breadcrumb\":{\"@id\":\"https:\/\/changflor.com\/product\/pvc-marble-sheet-2\/#breadcrumb\"},\"inLanguage\":\"fr-FR\",\"potentialAction\":[{\"@type\":\"ReadAction\",\"target\":[\"https:\/\/changflor.com\/product\/pvc-marble-sheet-2\/\"]}]},{\"@type\":\"ImageObject\",\"inLanguage\":\"fr-FR\",\"@id\":\"https:\/\/changflor.com\/product\/pvc-marble-sheet-2\/#primaryimage\",\"url\":\"https:\/\/changflor.com\/wp-content\/uploads\/2024\/06\/pvc-marble-sheet-black.jpg\",\"contentUrl\":\"https:\/\/changflor.com\/wp-content\/uploads\/2024\/06\/pvc-marble-sheet-black.jpg\",\"width\":710,\"height\":500},{\"@type\":\"BreadcrumbList\",\"@id\":\"https:\/\/changflor.com\/product\/pvc-marble-sheet-2\/#breadcrumb\",\"itemListElement\":[{\"@type\":\"ListItem\",\"position\":1,\"name\":\"Home\",\"item\":\"https:\/\/changflor.com\/\"},{\"@type\":\"ListItem\",\"position\":2,\"name\":\"LUXURY VINYL TILE\",\"item\":\"https:\/\/changflor.com\/product-category\/luxury-vinyl-tile\/\"},{\"@type\":\"ListItem\",\"position\":3,\"name\":\"Premium UV Marble Sheet-Gilded\"}]},{\"@type\":\"WebSite\",\"@id\":\"https:\/\/changflor.com\/#website\",\"url\":\"https:\/\/changflor.com\/\",\"name\":\"ChangFlor\",\"description\":\"Refined Living from the Ground Up\",\"potentialAction\":[{\"@type\":\"SearchAction\",\"target\":{\"@type\":\"EntryPoint\",\"urlTemplate\":\"https:\/\/changflor.com\/?s={search_term_string}\"},\"query-input\":{\"@type\":\"PropertyValueSpecification\",\"valueRequired\":true,\"valueName\":\"search_term_string\"}}],\"inLanguage\":\"fr-FR\"}]}<\/script>\n<!-- \/ Yoast SEO plugin. -->","yoast_head_json":{"title":"Premium UV Marble Sheets: Realistic Marble, Easy Installation","description":"Our UV marble sheets offer a high-quality, cost-effective alternative to natural marble. Perfect for interior design projects. Contact us for a quote today.","robots":{"index":"noindex","follow":"follow","max-snippet":"max-snippet:-1","max-image-preview":"max-image-preview:large","max-video-preview":"max-video-preview:-1"},"og_locale":"fr_FR","og_type":"article","og_title":"Premium UV Marble Sheets: Realistic Marble, Easy Installation","og_description":"Our UV marble sheets offer a high-quality, cost-effective alternative to natural marble. Perfect for interior design projects. Contact us for a quote today.","og_url":"https:\/\/changflor.com\/fr\/product\/pvc-marble-sheet-2\/","og_site_name":"ChangFlor","article_modified_time":"2024-12-06T06:29:55+00:00","og_image":[{"width":710,"height":500,"url":"https:\/\/changflor.com\/wp-content\/uploads\/2024\/06\/pvc-marble-sheet-black.jpg","type":"image\/jpeg"}],"twitter_card":"summary_large_image","twitter_misc":{"Dur\u00e9e de lecture estim\u00e9e":"3 minutes"},"schema":{"@context":"https:\/\/schema.org","@graph":[{"@type":"WebPage","@id":"https:\/\/changflor.com\/product\/pvc-marble-sheet-2\/","url":"https:\/\/changflor.com\/product\/pvc-marble-sheet-2\/","name":"Premium UV Marble Sheets: Realistic Marble, Easy Installation","isPartOf":{"@id":"https:\/\/changflor.com\/#website"},"primaryImageOfPage":{"@id":"https:\/\/changflor.com\/product\/pvc-marble-sheet-2\/#primaryimage"},"image":{"@id":"https:\/\/changflor.com\/product\/pvc-marble-sheet-2\/#primaryimage"},"thumbnailUrl":"https:\/\/changflor.com\/wp-content\/uploads\/2024\/06\/pvc-marble-sheet-black.jpg","datePublished":"2024-10-15T10:07:00+00:00","dateModified":"2024-12-06T06:29:55+00:00","description":"Our UV marble sheets offer a high-quality, cost-effective alternative to natural marble. Perfect for interior design projects. Contact us for a quote today.","breadcrumb":{"@id":"https:\/\/changflor.com\/product\/pvc-marble-sheet-2\/#breadcrumb"},"inLanguage":"fr-FR","potentialAction":[{"@type":"ReadAction","target":["https:\/\/changflor.com\/product\/pvc-marble-sheet-2\/"]}]},{"@type":"ImageObject","inLanguage":"fr-FR","@id":"https:\/\/changflor.com\/product\/pvc-marble-sheet-2\/#primaryimage","url":"https:\/\/changflor.com\/wp-content\/uploads\/2024\/06\/pvc-marble-sheet-black.jpg","contentUrl":"https:\/\/changflor.com\/wp-content\/uploads\/2024\/06\/pvc-marble-sheet-black.jpg","width":710,"height":500},{"@type":"BreadcrumbList","@id":"https:\/\/changflor.com\/product\/pvc-marble-sheet-2\/#breadcrumb","itemListElement":[{"@type":"ListItem","position":1,"name":"Home","item":"https:\/\/changflor.com\/"},{"@type":"ListItem","position":2,"name":"LUXURY VINYL TILE","item":"https:\/\/changflor.com\/product-category\/luxury-vinyl-tile\/"},{"@type":"ListItem","position":3,"name":"Premium UV Marble Sheet-Gilded"}]},{"@type":"WebSite","@id":"https:\/\/changflor.com\/#website","url":"https:\/\/changflor.com\/","name":"ChangFlor","description":"Refined Living from the Ground Up","potentialAction":[{"@type":"SearchAction","target":{"@type":"EntryPoint","urlTemplate":"https:\/\/changflor.com\/?s={search_term_string}"},"query-input":{"@type":"PropertyValueSpecification","valueRequired":true,"valueName":"search_term_string"}}],"inLanguage":"fr-FR"}]}},"_links":{"self":[{"href":"https:\/\/changflor.com\/fr\/wp-json\/wp\/v2\/product\/139","targetHints":{"allow":["GET"]}}],"collection":[{"href":"https:\/\/changflor.com\/fr\/wp-json\/wp\/v2\/product"}],"about":[{"href":"https:\/\/changflor.com\/fr\/wp-json\/wp\/v2\/types\/product"}],"wp:featuredmedia":[{"embeddable":true,"href":"https:\/\/changflor.com\/fr\/wp-json\/wp\/v2\/media\/1321"}],"wp:attachment":[{"href":"https:\/\/changflor.com\/fr\/wp-json\/wp\/v2\/media?parent=139"}],"wp:term":[{"taxonomy":"products_category","embeddable":true,"href":"https:\/\/changflor.com\/fr\/wp-json\/wp\/v2\/products_category?post=139"},{"taxonomy":"surface_pvc_marble_sheet_","embeddable":true,"href":"https:\/\/changflor.com\/fr\/wp-json\/wp\/v2\/surface_pvc_marble_sheet_?post=139"},{"taxonomy":"style__acoustic_panel_","embeddable":true,"href":"https:\/\/changflor.com\/fr\/wp-json\/wp\/v2\/style__acoustic_panel_?post=139"},{"taxonomy":"film__bamboo_charcoal_wood_venee","embeddable":true,"href":"https:\/\/changflor.com\/fr\/wp-json\/wp\/v2\/film__bamboo_charcoal_wood_venee?post=139"},{"taxonomy":"color_wpc_wall_panel","embeddable":true,"href":"https:\/\/changflor.com\/fr\/wp-json\/wp\/v2\/color_wpc_wall_panel?post=139"},{"taxonomy":"color_spc_wall_panel_","embeddable":true,"href":"https:\/\/changflor.com\/fr\/wp-json\/wp\/v2\/color_spc_wall_panel_?post=139"},{"taxonomy":"shape","embeddable":true,"href":"https:\/\/changflor.com\/fr\/wp-json\/wp\/v2\/shape?post=139"}],"curies":[{"name":"wp","href":"https:\/\/api.w.org\/{rel}","templated":true}]}}