{"id":1204,"date":"2024-10-24T02:43:28","date_gmt":"2024-10-24T02:43:28","guid":{"rendered":"https:\/\/changflor.com\/?post_type=product&#038;p=1204"},"modified":"2025-02-12T08:41:43","modified_gmt":"2025-02-12T08:41:43","slug":"wpc-wall-panel-csw-19925","status":"publish","type":"product","link":"https:\/\/changflor.com\/es\/product\/wpc-wall-panel-csw-19925\/","title":{"rendered":"Panel mural WPC CSW-199\u00d725"},"content":{"rendered":"<h2 class=\"wp-block-heading\"><br>Vista general del panel de pared WPC<\/h2>\n\n\n\n<p>Nuestro panel mural de WPC (compuesto de madera y pl\u00e1stico) combina pl\u00e1sticos de polietileno reciclado y fibras de madera natural, ofreciendo una alternativa sostenible a los paneles tradicionales de madera o PVC. Ideal tanto para\u00a0<strong>residencial<\/strong>\u00a0(casas, jardines, cuartos de ba\u00f1o) y\u00a0<strong>comercial<\/strong>\u00a0(oficinas, hoteles, f\u00e1bricas), ofrece el atractivo est\u00e9tico de la madera maciza con una mayor durabilidad y un mantenimiento m\u00ednimo.<\/p>\n\n\n\n<div class=\"wp-block-columns is-layout-flex wp-container-core-columns-is-layout-9d6595d7 wp-block-columns-is-layout-flex\">\n<div class=\"wp-block-column is-layout-flow wp-block-column-is-layout-flow\">\n<figure class=\"wp-block-image size-large\"><img decoding=\"async\" width=\"1024\" height=\"683\" src=\"https:\/\/changflor.com\/wp-content\/uploads\/2024\/10\/\u672a\u6807\u9898-2-1-1024x683.webp\" alt=\"wpc wall panel\" class=\"wp-image-2073\" srcset=\"https:\/\/changflor.com\/wp-content\/uploads\/2024\/10\/\u672a\u6807\u9898-2-1-1024x683.webp 1024w, https:\/\/changflor.com\/wp-content\/uploads\/2024\/10\/\u672a\u6807\u9898-2-1-300x200.webp 300w, https:\/\/changflor.com\/wp-content\/uploads\/2024\/10\/\u672a\u6807\u9898-2-1-768x512.webp 768w, https:\/\/changflor.com\/wp-content\/uploads\/2024\/10\/\u672a\u6807\u9898-2-1-1536x1024.webp 1536w, https:\/\/changflor.com\/wp-content\/uploads\/2024\/10\/\u672a\u6807\u9898-2-1-2048x1365.webp 2048w, https:\/\/changflor.com\/wp-content\/uploads\/2024\/10\/\u672a\u6807\u9898-2-1-990x660.webp 990w\" sizes=\"(max-width: 1024px) 100vw, 1024px\" \/><\/figure>\n<\/div>\n\n\n\n<div class=\"wp-block-column is-layout-flow wp-block-column-is-layout-flow\">\n<figure class=\"wp-block-image size-large\"><img decoding=\"async\" width=\"1024\" height=\"683\" src=\"https:\/\/changflor.com\/wp-content\/uploads\/2024\/10\/\u672a\u6807\u9898-2-1024x683.webp\" alt=\"wpc wall panel\" class=\"wp-image-2074\" srcset=\"https:\/\/changflor.com\/wp-content\/uploads\/2024\/10\/\u672a\u6807\u9898-2-1024x683.webp 1024w, https:\/\/changflor.com\/wp-content\/uploads\/2024\/10\/\u672a\u6807\u9898-2-300x200.webp 300w, https:\/\/changflor.com\/wp-content\/uploads\/2024\/10\/\u672a\u6807\u9898-2-768x512.webp 768w, https:\/\/changflor.com\/wp-content\/uploads\/2024\/10\/\u672a\u6807\u9898-2-1536x1024.webp 1536w, https:\/\/changflor.com\/wp-content\/uploads\/2024\/10\/\u672a\u6807\u9898-2-2048x1365.webp 2048w, https:\/\/changflor.com\/wp-content\/uploads\/2024\/10\/\u672a\u6807\u9898-2-990x660.webp 990w\" sizes=\"(max-width: 1024px) 100vw, 1024px\" \/><\/figure>\n<\/div>\n<\/div>\n\n\n\n<p><strong>Especificaciones t\u00e9cnicas<\/strong><\/p>\n\n\n\n<div class=\"wp-block-columns is-layout-flex wp-container-core-columns-is-layout-9d6595d7 wp-block-columns-is-layout-flex\">\n<div class=\"wp-block-column is-layout-flow wp-block-column-is-layout-flow\" style=\"flex-basis:50%\">\n<ul class=\"wp-block-list\">\n<li><strong>Modelo<\/strong>&nbsp;CSW-199*25<\/li>\n\n\n\n<li class=\"translation-block\">Tipo: Panel de pared<\/li>\n\n\n\n<li class=\"translation-block\">Superficie: Revestimiento<\/li>\n<\/ul>\n<\/div>\n\n\n\n<div class=\"wp-block-column is-layout-flow wp-block-column-is-layout-flow\" style=\"flex-basis:50%\">\n<ul class=\"wp-block-list\">\n<li><strong>Dimensi\u00f3n:<\/strong>&nbsp;204 mm * 25 mm<\/li>\n\n\n\n<li class=\"translation-block\">Longitud: 2,9 m o personalizado<\/li>\n\n\n\n<li class=\"translation-block\">Para tama\u00f1os personalizados, <a href=\"\/es\/contact\/\" target=\"_blank\" rel=\"noreferrer noopener\">colores<\/a>, estampado en la superficie y acabados, por favor <a href=\"\/es\/contact\/\" target=\"_self\">cont\u00e1ctenos aqu\u00ed<\/a>.<\/li>\n<\/ul>\n<\/div>\n<\/div>\n\n\n\n<h2 class=\"wp-block-heading\"><strong>Ventajas del panel de pared WPC<\/strong><\/h2>\n\n\n\n<p><strong><strong>Durabilidad superior<\/strong><\/strong><\/p>\n\n\n\n<p><strong>Impermeable y resistente a la corrosi\u00f3n<\/strong>: Perfecto para zonas de alta humedad como ba\u00f1os y fachadas de edificios.<\/p>\n\n\n\n<p><strong>Ign\u00edfugo y resistente a los rayos UV<\/strong>: Cumple las normas internacionales de seguridad.<\/p>\n\n\n\n<p><strong>M\u00e1s de 20 a\u00f1os de vida \u00fatil<\/strong>: Soporta condiciones clim\u00e1ticas extremas, reduciendo los costes de sustituci\u00f3n a largo plazo.<\/p>\n\n\n\n<div style=\"text-align: center;\">\n    <button style=\"background-color: #FF770F; color: white; padding: 15px 32px; text-align: center; text-decoration: none; display: inline-block; font-size: 16px; margin: 4px 2px; cursor: pointer;\" \n            onclick=\"window.open('https:\/\/changflor.com\/contact', '_blank')\">\n        OBTENER MUESTRAS GRATUITAS\n    <\/button>\n<\/div>\n\n\n\n<p><strong>Innovaci\u00f3n respetuosa con el medio ambiente<\/strong><\/p>\n\n\n\n<p>Cero emisiones de formaldeh\u00eddo, conforme a las certificaciones CE<\/p>\n\n\n\n<p>Hecho de\u00a0<strong>70% materiales reciclados<\/strong>\u00a0(pl\u00e1sticos PE + fibras de madera), apoyando los objetivos de la econom\u00eda circular.<\/p>\n\n\n\n<p><strong>F\u00e1cil instalaci\u00f3n y personalizaci\u00f3n<\/strong><\/p>\n\n\n\n<ul class=\"wp-block-list\">\n<li><strong>Dise\u00f1o ligero para una instalaci\u00f3n r\u00e1pida<\/strong>: los paneles pueden serrarse, taladrarse o cepillarse como la madera natural.<\/li>\n\n\n\n<li><strong>Dise\u00f1os m\u00faltiples<\/strong>: Patrones de m\u00e1rmol, vetas de madera y texturas modernas disponibles para diversos estilos arquitect\u00f3nicos.<\/li>\n<\/ul>\n\n\n\n<div class=\"wp-block-columns is-layout-flex wp-container-core-columns-is-layout-9d6595d7 wp-block-columns-is-layout-flex\">\n<div class=\"wp-block-column is-layout-flow wp-block-column-is-layout-flow\">\n<figure class=\"wp-block-image size-large\"><img decoding=\"async\" width=\"1024\" height=\"669\" src=\"https:\/\/changflor.com\/wp-content\/uploads\/2024\/10\/4-3-1-1024x669.webp\" alt=\"\" class=\"wp-image-2068\" srcset=\"https:\/\/changflor.com\/wp-content\/uploads\/2024\/10\/4-3-1-1024x669.webp 1024w, https:\/\/changflor.com\/wp-content\/uploads\/2024\/10\/4-3-1-300x196.webp 300w, https:\/\/changflor.com\/wp-content\/uploads\/2024\/10\/4-3-1-768x501.webp 768w, https:\/\/changflor.com\/wp-content\/uploads\/2024\/10\/4-3-1-1536x1003.webp 1536w, https:\/\/changflor.com\/wp-content\/uploads\/2024\/10\/4-3-1.webp 1899w\" sizes=\"(max-width: 1024px) 100vw, 1024px\" \/><\/figure>\n<\/div>\n\n\n\n<div class=\"wp-block-column is-layout-flow wp-block-column-is-layout-flow\">\n<figure class=\"wp-block-image size-large\"><img decoding=\"async\" width=\"1024\" height=\"669\" src=\"https:\/\/changflor.com\/wp-content\/uploads\/2024\/10\/4-3-1024x669.webp\" alt=\"\" class=\"wp-image-2069\" srcset=\"https:\/\/changflor.com\/wp-content\/uploads\/2024\/10\/4-3-1024x669.webp 1024w, https:\/\/changflor.com\/wp-content\/uploads\/2024\/10\/4-3-300x196.webp 300w, https:\/\/changflor.com\/wp-content\/uploads\/2024\/10\/4-3-768x501.webp 768w, https:\/\/changflor.com\/wp-content\/uploads\/2024\/10\/4-3-1536x1003.webp 1536w, https:\/\/changflor.com\/wp-content\/uploads\/2024\/10\/4-3.webp 1899w\" sizes=\"(max-width: 1024px) 100vw, 1024px\" \/><\/figure>\n<\/div>\n<\/div>\n\n\n\n<p><strong>Eficiencia de costes<\/strong><\/p>\n\n\n\n<p>No requiere pintura ni sellado, lo que ahorra 30%+ costes de mantenimiento en comparaci\u00f3n con la madera tradicional.<\/p>\n\n\n\n<h2 class=\"wp-block-heading\"><strong>\u00bfPor qu\u00e9 elegirnos?<\/strong><\/h2>\n\n\n\n<p><strong>M\u00e1s de 10 a\u00f1os de experiencia<\/strong>: Fabricante con certificaci\u00f3n ISO y\u00a0<strong>Capacidad anual de 10.000 toneladas<\/strong>.<\/p>\n\n\n\n<p><strong>Log\u00edstica mundial<\/strong>: Plazo de entrega de 15 d\u00edas a trav\u00e9s del puerto de Qingdao, con pagos por L\/C y T\/T.<\/p>\n\n\n\n<p><strong>Gama completa de productos<\/strong>: Desde tarimas de WPC hasta vallas, cenadores y baldosas de bricolaje, todo bajo un mismo techo.<\/p>\n\n\n\n<p><strong>Servicio centrado en el cliente<\/strong>: Asistencia t\u00e9cnica y soluciones de dise\u00f1o personalizadas<\/p>\n\n\n\n<div class=\"wp-block-columns is-layout-flex wp-container-core-columns-is-layout-9d6595d7 wp-block-columns-is-layout-flex\">\n<div class=\"wp-block-column is-layout-flow wp-block-column-is-layout-flow\">\n<figure class=\"wp-block-image size-full\"><img decoding=\"async\" width=\"800\" height=\"688\" src=\"https:\/\/changflor.com\/wp-content\/uploads\/2024\/10\/19512\u5c3a\u5bf8.jpg\" alt=\"\" class=\"wp-image-2060\" srcset=\"https:\/\/changflor.com\/wp-content\/uploads\/2024\/10\/19512\u5c3a\u5bf8.jpg 800w, https:\/\/changflor.com\/wp-content\/uploads\/2024\/10\/19512\u5c3a\u5bf8-300x258.jpg 300w, https:\/\/changflor.com\/wp-content\/uploads\/2024\/10\/19512\u5c3a\u5bf8-768x660.jpg 768w\" sizes=\"(max-width: 800px) 100vw, 800px\" \/><\/figure>\n<\/div>\n\n\n\n<div class=\"wp-block-column is-layout-flow wp-block-column-is-layout-flow\">\n<figure class=\"wp-block-image size-full\"><img decoding=\"async\" width=\"800\" height=\"688\" src=\"https:\/\/changflor.com\/wp-content\/uploads\/2024\/10\/16024\u5c3a\u5bf8.jpg\" alt=\"\" class=\"wp-image-2061\" srcset=\"https:\/\/changflor.com\/wp-content\/uploads\/2024\/10\/16024\u5c3a\u5bf8.jpg 800w, https:\/\/changflor.com\/wp-content\/uploads\/2024\/10\/16024\u5c3a\u5bf8-300x258.jpg 300w, https:\/\/changflor.com\/wp-content\/uploads\/2024\/10\/16024\u5c3a\u5bf8-768x660.jpg 768w\" sizes=\"(max-width: 800px) 100vw, 800px\" \/><\/figure>\n<\/div>\n\n\n\n<div class=\"wp-block-column is-layout-flow wp-block-column-is-layout-flow\">\n<figure class=\"wp-block-image size-full\"><img decoding=\"async\" width=\"800\" height=\"688\" src=\"https:\/\/changflor.com\/wp-content\/uploads\/2024\/10\/15015\u5c3a\u5bf8.jpg\" alt=\"\" class=\"wp-image-2062\" srcset=\"https:\/\/changflor.com\/wp-content\/uploads\/2024\/10\/15015\u5c3a\u5bf8.jpg 800w, https:\/\/changflor.com\/wp-content\/uploads\/2024\/10\/15015\u5c3a\u5bf8-300x258.jpg 300w, https:\/\/changflor.com\/wp-content\/uploads\/2024\/10\/15015\u5c3a\u5bf8-768x660.jpg 768w\" sizes=\"(max-width: 800px) 100vw, 800px\" \/><\/figure>\n<\/div>\n<\/div>\n\n\n\n<p><strong>Asistencia experta<\/strong>: Nuestro equipo se dedica a ofrecer un servicio al cliente excepcional.<\/p>\n\n\n\n<p><strong>Entrega r\u00e1pida<\/strong>: Log\u00edstica eficaz para garantizar la entrega a tiempo.<\/p>\n\n\n\n<div style=\"text-align: center;\">\n    <button style=\"background-color: #FF770F; color: white; padding: 15px 32px; text-align: center; text-decoration: none; display: inline-block; font-size: 16px; margin: 4px 2px; cursor: pointer;\" \n            onclick=\"window.open('https:\/\/changflor.com\/contact', '_blank')\">\n       P\u00f3ngase en contacto con nosotros\n    <\/button>\n<\/div>\n\n\n\n<p>P\u00f3ngase en contacto con nosotros hoy mismo para obtener m\u00e1s informaci\u00f3n sobre nuestras soluciones de paneles de pared de WPC y para hablar de los requisitos espec\u00edficos de su proyecto o de la expansi\u00f3n de su negocio.<\/p>\n\n\n\n<h2 class=\"wp-block-heading\">Paneles murales de WPC vers\u00e1tiles y f\u00e1ciles de instalar<\/h2>\n\n\n\n<div class=\"wp-block-group\"><div class=\"wp-block-group__inner-container is-layout-constrained wp-block-group-is-layout-constrained\">\n<p>Los paneles de pared de WPC est\u00e1n disponibles en una amplia variedad de dise\u00f1os y colores, lo que ofrece a los consumidores muchas opciones para adaptarse a su estilo. Estos paneles son f\u00e1ciles de instalar y mejoran al instante la calidad general de cualquier espacio. Se suelen utilizar para paredes interiores en lugares como locales de ocio, dormitorios, cocinas y espacios comerciales.<\/p>\n\n\n\n<div class=\"wp-block-columns is-layout-flex wp-container-core-columns-is-layout-9d6595d7 wp-block-columns-is-layout-flex\">\n<div class=\"wp-block-column is-layout-flow wp-block-column-is-layout-flow\">\n<figure class=\"wp-block-image size-large\"><img decoding=\"async\" width=\"703\" height=\"1024\" src=\"https:\/\/changflor.com\/wp-content\/uploads\/2024\/10\/4-1-1-703x1024.webp\" alt=\"\" class=\"wp-image-2064\" srcset=\"https:\/\/changflor.com\/wp-content\/uploads\/2024\/10\/4-1-1-703x1024.webp 703w, https:\/\/changflor.com\/wp-content\/uploads\/2024\/10\/4-1-1-206x300.webp 206w, https:\/\/changflor.com\/wp-content\/uploads\/2024\/10\/4-1-1-768x1119.webp 768w, https:\/\/changflor.com\/wp-content\/uploads\/2024\/10\/4-1-1-1054x1536.webp 1054w, https:\/\/changflor.com\/wp-content\/uploads\/2024\/10\/4-1-1-1406x2048.webp 1406w, https:\/\/changflor.com\/wp-content\/uploads\/2024\/10\/4-1-1-scaled.webp 1757w\" sizes=\"(max-width: 703px) 100vw, 703px\" \/><\/figure>\n<\/div>\n\n\n\n<div class=\"wp-block-column is-layout-flow wp-block-column-is-layout-flow\">\n<figure class=\"wp-block-image size-full\"><img decoding=\"async\" src=\"https:\/\/changflor.com\/wp-content\/uploads\/2024\/10\/4-1-2.webp\" alt=\"\" class=\"wp-image-2065\"\/><\/figure>\n<\/div>\n\n\n\n<div class=\"wp-block-column is-layout-flow wp-block-column-is-layout-flow\">\n<figure class=\"wp-block-image size-large\"><img decoding=\"async\" width=\"703\" height=\"1024\" src=\"https:\/\/changflor.com\/wp-content\/uploads\/2024\/10\/4-1-703x1024.webp\" alt=\"\" class=\"wp-image-2066\" srcset=\"https:\/\/changflor.com\/wp-content\/uploads\/2024\/10\/4-1-703x1024.webp 703w, https:\/\/changflor.com\/wp-content\/uploads\/2024\/10\/4-1-206x300.webp 206w, https:\/\/changflor.com\/wp-content\/uploads\/2024\/10\/4-1-768x1119.webp 768w, https:\/\/changflor.com\/wp-content\/uploads\/2024\/10\/4-1-1054x1536.webp 1054w, https:\/\/changflor.com\/wp-content\/uploads\/2024\/10\/4-1-1406x2048.webp 1406w, https:\/\/changflor.com\/wp-content\/uploads\/2024\/10\/4-1-scaled.webp 1757w\" sizes=\"(max-width: 703px) 100vw, 703px\" \/><\/figure>\n<\/div>\n<\/div>\n<\/div><\/div>\n\n\n\n<div class=\"wp-block-group\"><div class=\"wp-block-group__inner-container is-layout-constrained wp-block-group-is-layout-constrained\">\n<div class=\"wp-block-columns is-layout-flex wp-container-core-columns-is-layout-9d6595d7 wp-block-columns-is-layout-flex\">\n<div class=\"wp-block-column is-layout-flow wp-block-column-is-layout-flow\"><\/div>\n<\/div>\n<\/div><\/div>","protected":false},"excerpt":{"rendered":"<p>Ecol\u00f3gico, Impermeable, Resistente al fuego<\/p>","protected":false},"featured_media":1206,"template":"","products_category":[3],"surface_pvc_marble_sheet_":[],"style__acoustic_panel_":[],"film__bamboo_charcoal_wood_venee":[],"color_wpc_wall_panel":[151],"color_spc_wall_panel_":[],"shape":[],"class_list":["post-1204","product","type-product","status-publish","has-post-thumbnail","hentry","products_category-spc-flooring","color_wpc_wall_panel-solid-color"],"yoast_head":"<!-- This site is optimized with the Yoast SEO plugin v25.5 - https:\/\/yoast.com\/wordpress\/plugins\/seo\/ -->\n<title>Premium WPC Wall Panels by Shangdong, China Suppliers<\/title>\n<meta name=\"description\" content=\"WPC wall panels from Linyi, China are eco-friendly, crafted from recycled wood and plastic. This sustainable manufacturing process reduces waste.\" \/>\n<meta name=\"robots\" content=\"noindex, follow, max-snippet:-1, max-image-preview:large, max-video-preview:-1\" \/>\n<meta property=\"og:locale\" content=\"es_ES\" \/>\n<meta property=\"og:type\" content=\"article\" \/>\n<meta property=\"og:title\" content=\"Premium WPC Wall Panels by Shangdong, China Suppliers\" \/>\n<meta property=\"og:description\" content=\"WPC wall panels from Linyi, China are eco-friendly, crafted from recycled wood and plastic. This sustainable manufacturing process reduces waste.\" \/>\n<meta property=\"og:url\" content=\"https:\/\/changflor.com\/es\/product\/wpc-wall-panel-csw-19925\/\" \/>\n<meta property=\"og:site_name\" content=\"ChangFlor\" \/>\n<meta property=\"article:modified_time\" content=\"2025-02-12T08:41:43+00:00\" \/>\n<meta property=\"og:image\" content=\"https:\/\/changflor.com\/wp-content\/uploads\/2024\/10\/wpc-wall-panel-19925.jpg\" \/>\n\t<meta property=\"og:image:width\" content=\"710\" \/>\n\t<meta property=\"og:image:height\" content=\"500\" \/>\n\t<meta property=\"og:image:type\" content=\"image\/jpeg\" \/>\n<meta name=\"twitter:card\" content=\"summary_large_image\" \/>\n<meta name=\"twitter:label1\" content=\"Tiempo de lectura\" \/>\n\t<meta name=\"twitter:data1\" content=\"4 minutos\" \/>\n<script type=\"application\/ld+json\" class=\"yoast-schema-graph\">{\"@context\":\"https:\/\/schema.org\",\"@graph\":[{\"@type\":\"WebPage\",\"@id\":\"https:\/\/changflor.com\/product\/wpc-wall-panel-csw-19925\/\",\"url\":\"https:\/\/changflor.com\/product\/wpc-wall-panel-csw-19925\/\",\"name\":\"Premium WPC Wall Panels by Shangdong, China Suppliers\",\"isPartOf\":{\"@id\":\"https:\/\/changflor.com\/#website\"},\"primaryImageOfPage\":{\"@id\":\"https:\/\/changflor.com\/product\/wpc-wall-panel-csw-19925\/#primaryimage\"},\"image\":{\"@id\":\"https:\/\/changflor.com\/product\/wpc-wall-panel-csw-19925\/#primaryimage\"},\"thumbnailUrl\":\"https:\/\/changflor.com\/wp-content\/uploads\/2024\/10\/wpc-wall-panel-19925.jpg\",\"datePublished\":\"2024-10-24T02:43:28+00:00\",\"dateModified\":\"2025-02-12T08:41:43+00:00\",\"description\":\"WPC wall panels from Linyi, China are eco-friendly, crafted from recycled wood and plastic. This sustainable manufacturing process reduces waste.\",\"breadcrumb\":{\"@id\":\"https:\/\/changflor.com\/product\/wpc-wall-panel-csw-19925\/#breadcrumb\"},\"inLanguage\":\"es\",\"potentialAction\":[{\"@type\":\"ReadAction\",\"target\":[\"https:\/\/changflor.com\/product\/wpc-wall-panel-csw-19925\/\"]}]},{\"@type\":\"ImageObject\",\"inLanguage\":\"es\",\"@id\":\"https:\/\/changflor.com\/product\/wpc-wall-panel-csw-19925\/#primaryimage\",\"url\":\"https:\/\/changflor.com\/wp-content\/uploads\/2024\/10\/wpc-wall-panel-19925.jpg\",\"contentUrl\":\"https:\/\/changflor.com\/wp-content\/uploads\/2024\/10\/wpc-wall-panel-19925.jpg\",\"width\":710,\"height\":500},{\"@type\":\"BreadcrumbList\",\"@id\":\"https:\/\/changflor.com\/product\/wpc-wall-panel-csw-19925\/#breadcrumb\",\"itemListElement\":[{\"@type\":\"ListItem\",\"position\":1,\"name\":\"Home\",\"item\":\"https:\/\/changflor.com\/\"},{\"@type\":\"ListItem\",\"position\":2,\"name\":\"SPC FLOORING\",\"item\":\"https:\/\/changflor.com\/product-category\/spc-flooring\/\"},{\"@type\":\"ListItem\",\"position\":3,\"name\":\"WPC wall panel CSW-199&#215;25\"}]},{\"@type\":\"WebSite\",\"@id\":\"https:\/\/changflor.com\/#website\",\"url\":\"https:\/\/changflor.com\/\",\"name\":\"ChangFlor\",\"description\":\"Refined Living from the Ground Up\",\"potentialAction\":[{\"@type\":\"SearchAction\",\"target\":{\"@type\":\"EntryPoint\",\"urlTemplate\":\"https:\/\/changflor.com\/?s={search_term_string}\"},\"query-input\":{\"@type\":\"PropertyValueSpecification\",\"valueRequired\":true,\"valueName\":\"search_term_string\"}}],\"inLanguage\":\"es\"}]}<\/script>\n<!-- \/ Yoast SEO plugin. -->","yoast_head_json":{"title":"Premium WPC Wall Panels by Shangdong, China Suppliers","description":"WPC wall panels from Linyi, China are eco-friendly, crafted from recycled wood and plastic. This sustainable manufacturing process reduces waste.","robots":{"index":"noindex","follow":"follow","max-snippet":"max-snippet:-1","max-image-preview":"max-image-preview:large","max-video-preview":"max-video-preview:-1"},"og_locale":"es_ES","og_type":"article","og_title":"Premium WPC Wall Panels by Shangdong, China Suppliers","og_description":"WPC wall panels from Linyi, China are eco-friendly, crafted from recycled wood and plastic. This sustainable manufacturing process reduces waste.","og_url":"https:\/\/changflor.com\/es\/product\/wpc-wall-panel-csw-19925\/","og_site_name":"ChangFlor","article_modified_time":"2025-02-12T08:41:43+00:00","og_image":[{"url":"https:\/\/changflor.com\/wp-content\/uploads\/2024\/10\/wpc-wall-panel-19925.jpg","width":710,"height":500,"type":"image\/jpeg"}],"twitter_card":"summary_large_image","twitter_misc":{"Tiempo de lectura":"4 minutos"},"schema":{"@context":"https:\/\/schema.org","@graph":[{"@type":"WebPage","@id":"https:\/\/changflor.com\/product\/wpc-wall-panel-csw-19925\/","url":"https:\/\/changflor.com\/product\/wpc-wall-panel-csw-19925\/","name":"Premium WPC Wall Panels by Shangdong, China Suppliers","isPartOf":{"@id":"https:\/\/changflor.com\/#website"},"primaryImageOfPage":{"@id":"https:\/\/changflor.com\/product\/wpc-wall-panel-csw-19925\/#primaryimage"},"image":{"@id":"https:\/\/changflor.com\/product\/wpc-wall-panel-csw-19925\/#primaryimage"},"thumbnailUrl":"https:\/\/changflor.com\/wp-content\/uploads\/2024\/10\/wpc-wall-panel-19925.jpg","datePublished":"2024-10-24T02:43:28+00:00","dateModified":"2025-02-12T08:41:43+00:00","description":"WPC wall panels from Linyi, China are eco-friendly, crafted from recycled wood and plastic. This sustainable manufacturing process reduces waste.","breadcrumb":{"@id":"https:\/\/changflor.com\/product\/wpc-wall-panel-csw-19925\/#breadcrumb"},"inLanguage":"es","potentialAction":[{"@type":"ReadAction","target":["https:\/\/changflor.com\/product\/wpc-wall-panel-csw-19925\/"]}]},{"@type":"ImageObject","inLanguage":"es","@id":"https:\/\/changflor.com\/product\/wpc-wall-panel-csw-19925\/#primaryimage","url":"https:\/\/changflor.com\/wp-content\/uploads\/2024\/10\/wpc-wall-panel-19925.jpg","contentUrl":"https:\/\/changflor.com\/wp-content\/uploads\/2024\/10\/wpc-wall-panel-19925.jpg","width":710,"height":500},{"@type":"BreadcrumbList","@id":"https:\/\/changflor.com\/product\/wpc-wall-panel-csw-19925\/#breadcrumb","itemListElement":[{"@type":"ListItem","position":1,"name":"Home","item":"https:\/\/changflor.com\/"},{"@type":"ListItem","position":2,"name":"SPC FLOORING","item":"https:\/\/changflor.com\/product-category\/spc-flooring\/"},{"@type":"ListItem","position":3,"name":"WPC wall panel CSW-199&#215;25"}]},{"@type":"WebSite","@id":"https:\/\/changflor.com\/#website","url":"https:\/\/changflor.com\/","name":"ChangFlor","description":"Refined Living from the Ground Up","potentialAction":[{"@type":"SearchAction","target":{"@type":"EntryPoint","urlTemplate":"https:\/\/changflor.com\/?s={search_term_string}"},"query-input":{"@type":"PropertyValueSpecification","valueRequired":true,"valueName":"search_term_string"}}],"inLanguage":"es"}]}},"_links":{"self":[{"href":"https:\/\/changflor.com\/es\/wp-json\/wp\/v2\/product\/1204","targetHints":{"allow":["GET"]}}],"collection":[{"href":"https:\/\/changflor.com\/es\/wp-json\/wp\/v2\/product"}],"about":[{"href":"https:\/\/changflor.com\/es\/wp-json\/wp\/v2\/types\/product"}],"wp:featuredmedia":[{"embeddable":true,"href":"https:\/\/changflor.com\/es\/wp-json\/wp\/v2\/media\/1206"}],"wp:attachment":[{"href":"https:\/\/changflor.com\/es\/wp-json\/wp\/v2\/media?parent=1204"}],"wp:term":[{"taxonomy":"products_category","embeddable":true,"href":"https:\/\/changflor.com\/es\/wp-json\/wp\/v2\/products_category?post=1204"},{"taxonomy":"surface_pvc_marble_sheet_","embeddable":true,"href":"https:\/\/changflor.com\/es\/wp-json\/wp\/v2\/surface_pvc_marble_sheet_?post=1204"},{"taxonomy":"style__acoustic_panel_","embeddable":true,"href":"https:\/\/changflor.com\/es\/wp-json\/wp\/v2\/style__acoustic_panel_?post=1204"},{"taxonomy":"film__bamboo_charcoal_wood_venee","embeddable":true,"href":"https:\/\/changflor.com\/es\/wp-json\/wp\/v2\/film__bamboo_charcoal_wood_venee?post=1204"},{"taxonomy":"color_wpc_wall_panel","embeddable":true,"href":"https:\/\/changflor.com\/es\/wp-json\/wp\/v2\/color_wpc_wall_panel?post=1204"},{"taxonomy":"color_spc_wall_panel_","embeddable":true,"href":"https:\/\/changflor.com\/es\/wp-json\/wp\/v2\/color_spc_wall_panel_?post=1204"},{"taxonomy":"shape","embeddable":true,"href":"https:\/\/changflor.com\/es\/wp-json\/wp\/v2\/shape?post=1204"}],"curies":[{"name":"wp","href":"https:\/\/api.w.org\/{rel}","templated":true}]}}