{"id":1038,"date":"2024-10-08T03:42:48","date_gmt":"2024-10-08T03:42:48","guid":{"rendered":"https:\/\/changflor.com\/?post_type=product&#038;p=1038"},"modified":"2024-11-29T06:42:41","modified_gmt":"2024-11-29T06:42:41","slug":"spc-wall-panel-wood-grain","status":"publish","type":"product","link":"https:\/\/changflor.com\/es\/product\/spc-wall-panel-wood-grain\/","title":{"rendered":"SPC Wall Panel-Wood Grain"},"content":{"rendered":"<h2 class=\"wp-block-heading\">Descripci\u00f3n del panel mural SPC<\/h2>\n\n\n\n<p>Unlike stone-plastic flooring, which primarily uses plastic, SPC \uff08Stone Plastic Composite\uff09wall panel is made from natural limestone (calcium carbonate), the same material found in pearls and marble. It&#8217;s combined with polymer materials at a molecular level and extruded into a single piece under high temperature and pressure. This process creates a wear-resistant surface and a high-definition decorative layer. SPC wall panels are 4mm~6mm solid wall panels with a tongue-and-groove connection on all four sides.<\/p>\n\n\n\n<figure class=\"wp-block-image size-full\"><img decoding=\"async\" width=\"1000\" height=\"516\" src=\"https:\/\/changflor.com\/wp-content\/uploads\/2024\/10\/image.webp\" alt=\"\" class=\"wp-image-1646\" srcset=\"https:\/\/changflor.com\/wp-content\/uploads\/2024\/10\/image.webp 1000w, https:\/\/changflor.com\/wp-content\/uploads\/2024\/10\/image-300x155.webp 300w, https:\/\/changflor.com\/wp-content\/uploads\/2024\/10\/image-768x396.webp 768w\" sizes=\"(max-width: 1000px) 100vw, 1000px\" \/><\/figure>\n\n\n\n<h2 class=\"wp-block-heading\"><strong>Ventajas del panel de pared SPC AesthEdge<\/strong><\/h2>\n\n\n\n<p><a href=\"https:\/\/changflor.com\/es\/product-category\/spc-wall-panel\/\" target=\"_blank\" rel=\"noreferrer noopener\">Paneles murales SPC<\/a> ofrecen ventajas \u00fanicas como material decorativo moderno. Son respetuosos con el medio ambiente, duraderos y no contienen formaldeh\u00eddo. Con una instalaci\u00f3n r\u00e1pida y un uso inmediato, ayudan a ahorrar tiempo y dinero.<\/p>\n\n\n\n<p>Para tama\u00f1os, colores, relieves y acabados personalizados, p\u00f3ngase en contacto con\u00a0<a href=\"\/es\/contact\/\">p\u00f3ngase en contacto con nosotros<\/a>.<\/p>\n\n\n\n<div class=\"wp-block-columns alignwide is-layout-flex wp-container-core-columns-is-layout-9d6595d7 wp-block-columns-is-layout-flex\">\n<div class=\"wp-block-column has-text-color has-background has-link-color wp-elements-998423e6584842584f77cc1ce6569efe is-layout-flow wp-block-column-is-layout-flow\" style=\"color:#000000;background-color:#ffe97d;padding-top:2em;padding-right:2em;padding-bottom:2em;padding-left:2em\">\n<p class=\"has-normal-font-size\" style=\"line-height:1.5\"><strong>Sin necesidad de demolici\u00f3n, con menos basura y poco ruido<\/strong><\/p>\n\n\n\n<hr class=\"wp-block-separator has-text-color has-css-opacity has-background is-style-wide\" style=\"background-color:#000000;color:#000000\"\/>\n\n\n\n<p>Puede instalarse directamente sobre el muro existente sin necesidad de demolici\u00f3n, lo que minimiza los residuos y el ruido. Esto permite que la construcci\u00f3n se lleve a cabo mientras el hotel permanece abierto, sin interrumpir las operaciones ni aumentar las quejas de los usuarios.<\/p>\n<\/div>\n\n\n\n<div class=\"wp-block-column has-text-color has-background has-link-color wp-elements-4d62c49992129d33ad94fcbaed9d295a is-layout-flow wp-block-column-is-layout-flow\" style=\"color:#000000;background-color:#d1d1e1;padding-top:2em;padding-right:2em;padding-bottom:2em;padding-left:2em\">\n<p class=\"has-normal-font-size\" style=\"line-height:1.5\"><strong>Entrega r\u00e1pida, personalizable, bajo coste<\/strong><\/p>\n\n\n\n<hr class=\"wp-block-separator has-css-opacity is-style-wide\"\/>\n\n\n\n<p>Disfrute de una instalaci\u00f3n r\u00e1pida, personalizaci\u00f3n y asequibilidad con los paneles de pared SPC. Estos vers\u00e1tiles paneles se cortan e instalan f\u00e1cilmente, y pueden adaptarse a cualquier espacio y estilo personal.<\/p>\n<\/div>\n\n\n\n<div class=\"wp-block-column has-text-color has-background has-link-color wp-elements-0ae3cf4f5ff967540d95d464c5ff41f0 is-layout-flow wp-block-column-is-layout-flow\" style=\"color:#000000;background-color:#c0ebf1;padding-top:2em;padding-right:2em;padding-bottom:2em;padding-left:2em\">\n<p class=\"has-normal-font-size\"><strong>Instalaci\u00f3n de panel completo con costuras peque\u00f1as.<\/strong><\/p>\n\n\n\n<hr class=\"wp-block-separator has-css-opacity is-style-wide\"\/>\n\n\n\n<p>Con una longitud de hasta 3 metros, los paneles de pared SPC reducen significativamente el n\u00famero de juntas necesarias para su instalaci\u00f3n. Esto crea un aspecto limpio e ininterrumpido que mejora el atractivo est\u00e9tico general.<\/p>\n<\/div>\n<\/div>\n\n\n\n<p><strong>B1 Ign\u00edfugo<\/strong> <\/p>\n\n\n\n<p>Los paneles murales SPC, compuestos principalmente de polvo de piedra y resina polim\u00e9rica, son inherentemente resistentes a las llamas. Esto los hace ideales para la decoraci\u00f3n de interiores, especialmente en zonas de alto riesgo como espacios p\u00fablicos y edificios de gran altura.<\/p>\n\n\n\n<h2 class=\"wp-block-heading\">Paneles SPC para paredes interiores<\/h2>\n\n\n\n<p>Los paneles murales SPC poseen las caracter\u00edsticas de impermeabilidad 100%, que los hacen muy adecuados para zonas con mucha humedad, como ba\u00f1os, cocinas y balcones.<\/p>\n\n\n\n<div class=\"wp-block-columns is-layout-flex wp-container-core-columns-is-layout-9d6595d7 wp-block-columns-is-layout-flex\">\n<div class=\"wp-block-column is-layout-flow wp-block-column-is-layout-flow\">\n<figure class=\"wp-block-image size-full\"><img decoding=\"async\" width=\"1080\" height=\"1350\" src=\"https:\/\/changflor.com\/wp-content\/uploads\/2024\/10\/New-Project-21-3.webp\" alt=\"\" class=\"wp-image-1658\" srcset=\"https:\/\/changflor.com\/wp-content\/uploads\/2024\/10\/New-Project-21-3.webp 1080w, https:\/\/changflor.com\/wp-content\/uploads\/2024\/10\/New-Project-21-3-240x300.webp 240w, https:\/\/changflor.com\/wp-content\/uploads\/2024\/10\/New-Project-21-3-819x1024.webp 819w, https:\/\/changflor.com\/wp-content\/uploads\/2024\/10\/New-Project-21-3-768x960.webp 768w\" sizes=\"(max-width: 1080px) 100vw, 1080px\" \/><\/figure>\n<\/div>\n\n\n\n<div class=\"wp-block-column is-layout-flow wp-block-column-is-layout-flow\">\n<figure class=\"wp-block-image size-large\"><img decoding=\"async\" width=\"819\" height=\"1024\" src=\"https:\/\/changflor.com\/wp-content\/uploads\/2024\/10\/New-Project-21-819x1024.webp\" alt=\"\" class=\"wp-image-1651\" srcset=\"https:\/\/changflor.com\/wp-content\/uploads\/2024\/10\/New-Project-21-819x1024.webp 819w, https:\/\/changflor.com\/wp-content\/uploads\/2024\/10\/New-Project-21-240x300.webp 240w, https:\/\/changflor.com\/wp-content\/uploads\/2024\/10\/New-Project-21-768x960.webp 768w, https:\/\/changflor.com\/wp-content\/uploads\/2024\/10\/New-Project-21.webp 1080w\" sizes=\"(max-width: 819px) 100vw, 819px\" \/><\/figure>\n<\/div>\n\n\n\n<div class=\"wp-block-column is-layout-flow wp-block-column-is-layout-flow\">\n<figure class=\"wp-block-image size-large\"><img decoding=\"async\" width=\"819\" height=\"1024\" src=\"https:\/\/changflor.com\/wp-content\/uploads\/2024\/10\/New-Project-20-819x1024.webp\" alt=\"\" class=\"wp-image-1650\" srcset=\"https:\/\/changflor.com\/wp-content\/uploads\/2024\/10\/New-Project-20-819x1024.webp 819w, https:\/\/changflor.com\/wp-content\/uploads\/2024\/10\/New-Project-20-240x300.webp 240w, https:\/\/changflor.com\/wp-content\/uploads\/2024\/10\/New-Project-20-768x960.webp 768w, https:\/\/changflor.com\/wp-content\/uploads\/2024\/10\/New-Project-20.webp 1080w\" sizes=\"(max-width: 819px) 100vw, 819px\" \/><\/figure>\n<\/div>\n<\/div>\n\n\n\n<p>Estos paneles se utilizan principalmente para paredes interiores, techos, suelos y diversos proyectos de decoraci\u00f3n, tanto en edificios altos como bajos.<\/p>\n\n\n\n<div class=\"wp-block-columns is-layout-flex wp-container-core-columns-is-layout-9d6595d7 wp-block-columns-is-layout-flex\">\n<div class=\"wp-block-column is-layout-flow wp-block-column-is-layout-flow\">\n<figure class=\"wp-block-image size-full\"><img decoding=\"async\" width=\"600\" height=\"500\" src=\"https:\/\/changflor.com\/wp-content\/uploads\/2024\/10\/New-Project-22.webp\" alt=\"\" class=\"wp-image-1653\" srcset=\"https:\/\/changflor.com\/wp-content\/uploads\/2024\/10\/New-Project-22.webp 600w, https:\/\/changflor.com\/wp-content\/uploads\/2024\/10\/New-Project-22-300x250.webp 300w\" sizes=\"(max-width: 600px) 100vw, 600px\" \/><\/figure>\n<\/div>\n\n\n\n<div class=\"wp-block-column is-layout-flow wp-block-column-is-layout-flow\">\n<figure class=\"wp-block-image size-full\"><img decoding=\"async\" width=\"600\" height=\"500\" src=\"https:\/\/changflor.com\/wp-content\/uploads\/2024\/10\/New-Project-22-2.webp\" alt=\"\" class=\"wp-image-1656\" srcset=\"https:\/\/changflor.com\/wp-content\/uploads\/2024\/10\/New-Project-22-2.webp 600w, https:\/\/changflor.com\/wp-content\/uploads\/2024\/10\/New-Project-22-2-300x250.webp 300w\" sizes=\"(max-width: 600px) 100vw, 600px\" \/><\/figure>\n<\/div>\n<\/div>\n\n\n\n<p>Don&#8217;t miss out on this golden opportunity!\u00a0<a href=\"https:\/\/changflor.com\/es\/contact\/\" target=\"_blank\" rel=\"noreferrer noopener\">P\u00f3ngase en contacto con nosotros<\/a>\u00a0para solicitar su muestra gratuita y obtener ofertas y descuentos exclusivos reservados \u00fanicamente a nuestros estimados clientes.<\/p>\n\n\n\n<p><\/p>","protected":false},"excerpt":{"rendered":"<p>Impermeable, ign\u00edfugo y con estilo<\/p>","protected":false},"featured_media":1056,"template":"","products_category":[160],"surface_pvc_marble_sheet_":[],"style__acoustic_panel_":[],"film__bamboo_charcoal_wood_venee":[],"color_wpc_wall_panel":[],"color_spc_wall_panel_":[161],"shape":[],"class_list":["post-1038","product","type-product","status-publish","has-post-thumbnail","hentry","products_category-laminate-flooring","color_spc_wall_panel_-wood-grain"],"yoast_head":"<!-- This site is optimized with the Yoast SEO plugin v25.5 - https:\/\/yoast.com\/wordpress\/plugins\/seo\/ -->\n<title>Premium SPC Wall Panel for Export from Linyi, Shandong, China<\/title>\n<meta name=\"description\" content=\"Our company offers top-quality SPC wall panels with wood grain. Rely on our export services for premium products and smooth business transactions.\" \/>\n<meta name=\"robots\" content=\"noindex, follow, max-snippet:-1, max-image-preview:large, max-video-preview:-1\" \/>\n<meta property=\"og:locale\" content=\"es_ES\" \/>\n<meta property=\"og:type\" content=\"article\" \/>\n<meta property=\"og:title\" content=\"Premium SPC Wall Panel for Export from Linyi, Shandong, China\" \/>\n<meta property=\"og:description\" content=\"Our company offers top-quality SPC wall panels with wood grain. Rely on our export services for premium products and smooth business transactions.\" \/>\n<meta property=\"og:url\" content=\"https:\/\/changflor.com\/es\/product\/spc-wall-panel-wood-grain\/\" \/>\n<meta property=\"og:site_name\" content=\"ChangFlor\" \/>\n<meta property=\"article:modified_time\" content=\"2024-11-29T06:42:41+00:00\" \/>\n<meta property=\"og:image\" content=\"https:\/\/changflor.com\/wp-content\/uploads\/2024\/10\/spc-wall-panel-wood-grain-1.jpg\" \/>\n\t<meta property=\"og:image:width\" content=\"800\" \/>\n\t<meta property=\"og:image:height\" content=\"800\" \/>\n\t<meta property=\"og:image:type\" content=\"image\/jpeg\" \/>\n<meta name=\"twitter:card\" content=\"summary_large_image\" \/>\n<meta name=\"twitter:label1\" content=\"Tiempo de lectura\" \/>\n\t<meta name=\"twitter:data1\" content=\"3 minutos\" \/>\n<script type=\"application\/ld+json\" class=\"yoast-schema-graph\">{\"@context\":\"https:\/\/schema.org\",\"@graph\":[{\"@type\":\"WebPage\",\"@id\":\"https:\/\/changflor.com\/product\/spc-wall-panel-wood-grain\/\",\"url\":\"https:\/\/changflor.com\/product\/spc-wall-panel-wood-grain\/\",\"name\":\"Premium SPC Wall Panel for Export from Linyi, Shandong, China\",\"isPartOf\":{\"@id\":\"https:\/\/changflor.com\/#website\"},\"primaryImageOfPage\":{\"@id\":\"https:\/\/changflor.com\/product\/spc-wall-panel-wood-grain\/#primaryimage\"},\"image\":{\"@id\":\"https:\/\/changflor.com\/product\/spc-wall-panel-wood-grain\/#primaryimage\"},\"thumbnailUrl\":\"https:\/\/changflor.com\/wp-content\/uploads\/2024\/10\/spc-wall-panel-wood-grain-1.jpg\",\"datePublished\":\"2024-10-08T03:42:48+00:00\",\"dateModified\":\"2024-11-29T06:42:41+00:00\",\"description\":\"Our company offers top-quality SPC wall panels with wood grain. Rely on our export services for premium products and smooth business transactions.\",\"breadcrumb\":{\"@id\":\"https:\/\/changflor.com\/product\/spc-wall-panel-wood-grain\/#breadcrumb\"},\"inLanguage\":\"es\",\"potentialAction\":[{\"@type\":\"ReadAction\",\"target\":[\"https:\/\/changflor.com\/product\/spc-wall-panel-wood-grain\/\"]}]},{\"@type\":\"ImageObject\",\"inLanguage\":\"es\",\"@id\":\"https:\/\/changflor.com\/product\/spc-wall-panel-wood-grain\/#primaryimage\",\"url\":\"https:\/\/changflor.com\/wp-content\/uploads\/2024\/10\/spc-wall-panel-wood-grain-1.jpg\",\"contentUrl\":\"https:\/\/changflor.com\/wp-content\/uploads\/2024\/10\/spc-wall-panel-wood-grain-1.jpg\",\"width\":800,\"height\":800,\"caption\":\"spc wall panel wood grain 1\"},{\"@type\":\"BreadcrumbList\",\"@id\":\"https:\/\/changflor.com\/product\/spc-wall-panel-wood-grain\/#breadcrumb\",\"itemListElement\":[{\"@type\":\"ListItem\",\"position\":1,\"name\":\"Home\",\"item\":\"https:\/\/changflor.com\/\"},{\"@type\":\"ListItem\",\"position\":2,\"name\":\"LAMINATE FLOORING\",\"item\":\"https:\/\/changflor.com\/product-category\/laminate-flooring\/\"},{\"@type\":\"ListItem\",\"position\":3,\"name\":\"SPC Wall Panel-Wood Grain\"}]},{\"@type\":\"WebSite\",\"@id\":\"https:\/\/changflor.com\/#website\",\"url\":\"https:\/\/changflor.com\/\",\"name\":\"ChangFlor\",\"description\":\"Refined Living from the Ground Up\",\"potentialAction\":[{\"@type\":\"SearchAction\",\"target\":{\"@type\":\"EntryPoint\",\"urlTemplate\":\"https:\/\/changflor.com\/?s={search_term_string}\"},\"query-input\":{\"@type\":\"PropertyValueSpecification\",\"valueRequired\":true,\"valueName\":\"search_term_string\"}}],\"inLanguage\":\"es\"}]}<\/script>\n<!-- \/ Yoast SEO plugin. -->","yoast_head_json":{"title":"Premium SPC Wall Panel for Export from Linyi, Shandong, China","description":"Our company offers top-quality SPC wall panels with wood grain. Rely on our export services for premium products and smooth business transactions.","robots":{"index":"noindex","follow":"follow","max-snippet":"max-snippet:-1","max-image-preview":"max-image-preview:large","max-video-preview":"max-video-preview:-1"},"og_locale":"es_ES","og_type":"article","og_title":"Premium SPC Wall Panel for Export from Linyi, Shandong, China","og_description":"Our company offers top-quality SPC wall panels with wood grain. Rely on our export services for premium products and smooth business transactions.","og_url":"https:\/\/changflor.com\/es\/product\/spc-wall-panel-wood-grain\/","og_site_name":"ChangFlor","article_modified_time":"2024-11-29T06:42:41+00:00","og_image":[{"width":800,"height":800,"url":"https:\/\/changflor.com\/wp-content\/uploads\/2024\/10\/spc-wall-panel-wood-grain-1.jpg","type":"image\/jpeg"}],"twitter_card":"summary_large_image","twitter_misc":{"Tiempo de lectura":"3 minutos"},"schema":{"@context":"https:\/\/schema.org","@graph":[{"@type":"WebPage","@id":"https:\/\/changflor.com\/product\/spc-wall-panel-wood-grain\/","url":"https:\/\/changflor.com\/product\/spc-wall-panel-wood-grain\/","name":"Premium SPC Wall Panel for Export from Linyi, Shandong, China","isPartOf":{"@id":"https:\/\/changflor.com\/#website"},"primaryImageOfPage":{"@id":"https:\/\/changflor.com\/product\/spc-wall-panel-wood-grain\/#primaryimage"},"image":{"@id":"https:\/\/changflor.com\/product\/spc-wall-panel-wood-grain\/#primaryimage"},"thumbnailUrl":"https:\/\/changflor.com\/wp-content\/uploads\/2024\/10\/spc-wall-panel-wood-grain-1.jpg","datePublished":"2024-10-08T03:42:48+00:00","dateModified":"2024-11-29T06:42:41+00:00","description":"Our company offers top-quality SPC wall panels with wood grain. Rely on our export services for premium products and smooth business transactions.","breadcrumb":{"@id":"https:\/\/changflor.com\/product\/spc-wall-panel-wood-grain\/#breadcrumb"},"inLanguage":"es","potentialAction":[{"@type":"ReadAction","target":["https:\/\/changflor.com\/product\/spc-wall-panel-wood-grain\/"]}]},{"@type":"ImageObject","inLanguage":"es","@id":"https:\/\/changflor.com\/product\/spc-wall-panel-wood-grain\/#primaryimage","url":"https:\/\/changflor.com\/wp-content\/uploads\/2024\/10\/spc-wall-panel-wood-grain-1.jpg","contentUrl":"https:\/\/changflor.com\/wp-content\/uploads\/2024\/10\/spc-wall-panel-wood-grain-1.jpg","width":800,"height":800,"caption":"spc wall panel wood grain 1"},{"@type":"BreadcrumbList","@id":"https:\/\/changflor.com\/product\/spc-wall-panel-wood-grain\/#breadcrumb","itemListElement":[{"@type":"ListItem","position":1,"name":"Home","item":"https:\/\/changflor.com\/"},{"@type":"ListItem","position":2,"name":"LAMINATE FLOORING","item":"https:\/\/changflor.com\/product-category\/laminate-flooring\/"},{"@type":"ListItem","position":3,"name":"SPC Wall Panel-Wood Grain"}]},{"@type":"WebSite","@id":"https:\/\/changflor.com\/#website","url":"https:\/\/changflor.com\/","name":"ChangFlor","description":"Refined Living from the Ground Up","potentialAction":[{"@type":"SearchAction","target":{"@type":"EntryPoint","urlTemplate":"https:\/\/changflor.com\/?s={search_term_string}"},"query-input":{"@type":"PropertyValueSpecification","valueRequired":true,"valueName":"search_term_string"}}],"inLanguage":"es"}]}},"_links":{"self":[{"href":"https:\/\/changflor.com\/es\/wp-json\/wp\/v2\/product\/1038","targetHints":{"allow":["GET"]}}],"collection":[{"href":"https:\/\/changflor.com\/es\/wp-json\/wp\/v2\/product"}],"about":[{"href":"https:\/\/changflor.com\/es\/wp-json\/wp\/v2\/types\/product"}],"wp:featuredmedia":[{"embeddable":true,"href":"https:\/\/changflor.com\/es\/wp-json\/wp\/v2\/media\/1056"}],"wp:attachment":[{"href":"https:\/\/changflor.com\/es\/wp-json\/wp\/v2\/media?parent=1038"}],"wp:term":[{"taxonomy":"products_category","embeddable":true,"href":"https:\/\/changflor.com\/es\/wp-json\/wp\/v2\/products_category?post=1038"},{"taxonomy":"surface_pvc_marble_sheet_","embeddable":true,"href":"https:\/\/changflor.com\/es\/wp-json\/wp\/v2\/surface_pvc_marble_sheet_?post=1038"},{"taxonomy":"style__acoustic_panel_","embeddable":true,"href":"https:\/\/changflor.com\/es\/wp-json\/wp\/v2\/style__acoustic_panel_?post=1038"},{"taxonomy":"film__bamboo_charcoal_wood_venee","embeddable":true,"href":"https:\/\/changflor.com\/es\/wp-json\/wp\/v2\/film__bamboo_charcoal_wood_venee?post=1038"},{"taxonomy":"color_wpc_wall_panel","embeddable":true,"href":"https:\/\/changflor.com\/es\/wp-json\/wp\/v2\/color_wpc_wall_panel?post=1038"},{"taxonomy":"color_spc_wall_panel_","embeddable":true,"href":"https:\/\/changflor.com\/es\/wp-json\/wp\/v2\/color_spc_wall_panel_?post=1038"},{"taxonomy":"shape","embeddable":true,"href":"https:\/\/changflor.com\/es\/wp-json\/wp\/v2\/shape?post=1038"}],"curies":[{"name":"wp","href":"https:\/\/api.w.org\/{rel}","templated":true}]}}